{"id":4521,"date":"2025-04-12T23:45:13","date_gmt":"2025-04-12T23:45:13","guid":{"rendered":"https:\/\/casadolivreiro.pt\/?post_type=product&#038;p=4521"},"modified":"2025-04-12T23:54:42","modified_gmt":"2025-04-12T23:54:42","slug":"visitas-do-papa-joao-paulo-ii-a-portugal","status":"publish","type":"product","link":"https:\/\/casadolivreiro.pt\/index.php\/product\/visitas-do-papa-joao-paulo-ii-a-portugal\/","title":{"rendered":"VISITAS DO PAPA JO\u00c3O PAULO II A PORTUGAL"},"content":{"rendered":"<p>VISITAS DO PAPA JO\u00c3O PAULO II A PORTUGAL<\/p>\n<p>Uma iniciativa do jornal: 24Horas<\/p>\n<p>\u00e1lbum de 26 fotografias<\/p>\n<p>Ano de edi\u00e7\u00e3o:<\/p>\n<p>Editor: jornal: 24Horas<\/p>\n<p>Idioma: Portugu\u00eas<\/p>\n<p>Dimens\u00f5es: 21 x 0.5 x 30.5<\/p>\n<p>Encaderna\u00e7\u00e3o: capa mole<\/p>\n<p>P\u00e1ginas: 26<\/p>\n<p>&nbsp;<\/p>\n","protected":false},"excerpt":{"rendered":"<p>VISITAS DO PAPA JO\u00c3O PAULO II A PORTUGAL Uma iniciativa do jornal: 24Horas \u00e1lbum de 26 fotografias Ano de edi\u00e7\u00e3o: Editor: jornal: 24Horas Idioma: Portugu\u00eas Dimens\u00f5es: 21 x 0.5 x 30.5 Encaderna\u00e7\u00e3o: capa mole P\u00e1ginas: 26 &nbsp;<\/p>\n","protected":false},"featured_media":4522,"comment_status":"open","ping_status":"closed","template":"","meta":{"om_disable_all_campaigns":false,"_monsterinsights_skip_tracking":false,"_monsterinsights_sitenote_active":false,"_monsterinsights_sitenote_note":"","_monsterinsights_sitenote_category":0,"_uf_show_specific_survey":0,"_uf_disable_surveys":false},"product_cat":[33,30],"product_tag":[],"aioseo_notices":[],"jetpack_sharing_enabled":true,"_links":{"self":[{"href":"https:\/\/casadolivreiro.pt\/index.php\/wp-json\/wp\/v2\/product\/4521"}],"collection":[{"href":"https:\/\/casadolivreiro.pt\/index.php\/wp-json\/wp\/v2\/product"}],"about":[{"href":"https:\/\/casadolivreiro.pt\/index.php\/wp-json\/wp\/v2\/types\/product"}],"replies":[{"embeddable":true,"href":"https:\/\/casadolivreiro.pt\/index.php\/wp-json\/wp\/v2\/comments?post=4521"}],"wp:featuredmedia":[{"embeddable":true,"href":"https:\/\/casadolivreiro.pt\/index.php\/wp-json\/wp\/v2\/media\/4522"}],"wp:attachment":[{"href":"https:\/\/casadolivreiro.pt\/index.php\/wp-json\/wp\/v2\/media?parent=4521"}],"wp:term":[{"taxonomy":"product_cat","embeddable":true,"href":"https:\/\/casadolivreiro.pt\/index.php\/wp-json\/wp\/v2\/product_cat?post=4521"},{"taxonomy":"product_tag","embeddable":true,"href":"https:\/\/casadolivreiro.pt\/index.php\/wp-json\/wp\/v2\/product_tag?post=4521"}],"curies":[{"name":"wp","href":"https:\/\/api.w.org\/{rel}","templated":true}]}}