{"id":452,"date":"2024-03-13T12:30:51","date_gmt":"2024-03-13T12:30:51","guid":{"rendered":"https:\/\/casadolivreiro.pt\/?post_type=product&#038;p=452"},"modified":"2025-02-19T18:02:06","modified_gmt":"2025-02-19T18:02:06","slug":"grandes-pintores-do-seculo-xx-tom-wesselmann","status":"publish","type":"product","link":"https:\/\/casadolivreiro.pt\/index.php\/product\/grandes-pintores-do-seculo-xx-tom-wesselmann\/","title":{"rendered":"GRANDES PINTORES DO S\u00c9CULO XX: TOM WESSELMANN"},"content":{"rendered":"<p>GRANDES PINTORES DO S\u00c9CULO XX: TOM WESSELMANN<br \/>\nISBN: 84-8223-211-8<br \/>\nEditor: Globus Comunicaci\u00f3n, Madrid<br \/>\nData de Lan\u00e7amento: 1996<br \/>\nIdioma:\u00a0 Portugu\u00eas<br \/>\nDimens\u00f5es: 24.8 x 1.4 x 31.5 cm<br \/>\nEncaderna\u00e7\u00e3o: Capa dura<br \/>\nP\u00e1ginas: 61<\/p>\n","protected":false},"excerpt":{"rendered":"<p>GRANDES PINTORES DO S\u00c9CULO XX: TOM WESSELMANN ISBN: 84-8223-211-8 Editor: Globus Comunicaci\u00f3n, Madrid Data de Lan\u00e7amento: 1996 Idioma:\u00a0 Portugu\u00eas Dimens\u00f5es: 24.8 x 1.4 x 31.5 cm Encaderna\u00e7\u00e3o: Capa dura P\u00e1ginas: 61<\/p>\n","protected":false},"featured_media":453,"comment_status":"open","ping_status":"closed","template":"","meta":{"om_disable_all_campaigns":false,"_monsterinsights_skip_tracking":false,"_monsterinsights_sitenote_active":false,"_monsterinsights_sitenote_note":"","_monsterinsights_sitenote_category":0,"_uf_show_specific_survey":0,"_uf_disable_surveys":false},"product_cat":[24,49],"product_tag":[],"aioseo_notices":[],"jetpack_sharing_enabled":true,"_links":{"self":[{"href":"https:\/\/casadolivreiro.pt\/index.php\/wp-json\/wp\/v2\/product\/452"}],"collection":[{"href":"https:\/\/casadolivreiro.pt\/index.php\/wp-json\/wp\/v2\/product"}],"about":[{"href":"https:\/\/casadolivreiro.pt\/index.php\/wp-json\/wp\/v2\/types\/product"}],"replies":[{"embeddable":true,"href":"https:\/\/casadolivreiro.pt\/index.php\/wp-json\/wp\/v2\/comments?post=452"}],"wp:featuredmedia":[{"embeddable":true,"href":"https:\/\/casadolivreiro.pt\/index.php\/wp-json\/wp\/v2\/media\/453"}],"wp:attachment":[{"href":"https:\/\/casadolivreiro.pt\/index.php\/wp-json\/wp\/v2\/media?parent=452"}],"wp:term":[{"taxonomy":"product_cat","embeddable":true,"href":"https:\/\/casadolivreiro.pt\/index.php\/wp-json\/wp\/v2\/product_cat?post=452"},{"taxonomy":"product_tag","embeddable":true,"href":"https:\/\/casadolivreiro.pt\/index.php\/wp-json\/wp\/v2\/product_tag?post=452"}],"curies":[{"name":"wp","href":"https:\/\/api.w.org\/{rel}","templated":true}]}}