{"id":4518,"date":"2025-04-12T23:17:01","date_gmt":"2025-04-12T23:17:01","guid":{"rendered":"https:\/\/casadolivreiro.pt\/?post_type=product&#038;p=4518"},"modified":"2025-04-12T23:17:47","modified_gmt":"2025-04-12T23:17:47","slug":"o-emporio-do-vaticano-nino-lo-bello","status":"publish","type":"product","link":"https:\/\/casadolivreiro.pt\/index.php\/product\/o-emporio-do-vaticano-nino-lo-bello\/","title":{"rendered":"O EMPORIO DO VATICANO \u2013 Nino Lo Bello"},"content":{"rendered":"<p>O EMPORIO DO VATICANO \u2013 Nino Lo Bello<\/p>\n<p>Tradu\u00e7\u00e3o de Carlos Alberto Soares Sim\u00f5es Coelho<\/p>\n<p>Ano de edi\u00e7\u00e3o:\u00a0 1970 1.\u00aa edi\u00e7\u00e3o<\/p>\n<p>Editor: Editorial Ibis<\/p>\n<p>Idioma: Portugu\u00eas<\/p>\n<p>Dimens\u00f5es: 14.7 x 1.2 x 21<\/p>\n<p>Encaderna\u00e7\u00e3o: capa dura<\/p>\n<p>P\u00e1ginas: 176<\/p>\n","protected":false},"excerpt":{"rendered":"<p>O EMPORIO DO VATICANO \u2013 Nino Lo Bello Tradu\u00e7\u00e3o de Carlos Alberto Soares Sim\u00f5es Coelho Ano de edi\u00e7\u00e3o:\u00a0 1970 1.\u00aa edi\u00e7\u00e3o Editor: Editorial Ibis Idioma: Portugu\u00eas Dimens\u00f5es: 14.7 x 1.2 x 21 Encaderna\u00e7\u00e3o: capa dura P\u00e1ginas: 176<\/p>\n","protected":false},"featured_media":4519,"comment_status":"open","ping_status":"closed","template":"","meta":{"om_disable_all_campaigns":false,"_monsterinsights_skip_tracking":false,"_monsterinsights_sitenote_active":false,"_monsterinsights_sitenote_note":"","_monsterinsights_sitenote_category":0,"_uf_show_specific_survey":0,"_uf_disable_surveys":false},"product_cat":[33,30],"product_tag":[],"aioseo_notices":[],"jetpack_sharing_enabled":true,"_links":{"self":[{"href":"https:\/\/casadolivreiro.pt\/index.php\/wp-json\/wp\/v2\/product\/4518"}],"collection":[{"href":"https:\/\/casadolivreiro.pt\/index.php\/wp-json\/wp\/v2\/product"}],"about":[{"href":"https:\/\/casadolivreiro.pt\/index.php\/wp-json\/wp\/v2\/types\/product"}],"replies":[{"embeddable":true,"href":"https:\/\/casadolivreiro.pt\/index.php\/wp-json\/wp\/v2\/comments?post=4518"}],"wp:featuredmedia":[{"embeddable":true,"href":"https:\/\/casadolivreiro.pt\/index.php\/wp-json\/wp\/v2\/media\/4519"}],"wp:attachment":[{"href":"https:\/\/casadolivreiro.pt\/index.php\/wp-json\/wp\/v2\/media?parent=4518"}],"wp:term":[{"taxonomy":"product_cat","embeddable":true,"href":"https:\/\/casadolivreiro.pt\/index.php\/wp-json\/wp\/v2\/product_cat?post=4518"},{"taxonomy":"product_tag","embeddable":true,"href":"https:\/\/casadolivreiro.pt\/index.php\/wp-json\/wp\/v2\/product_tag?post=4518"}],"curies":[{"name":"wp","href":"https:\/\/api.w.org\/{rel}","templated":true}]}}