{"id":4509,"date":"2025-04-12T20:10:25","date_gmt":"2025-04-12T20:10:25","guid":{"rendered":"https:\/\/casadolivreiro.pt\/?post_type=product&#038;p=4509"},"modified":"2025-04-12T20:10:25","modified_gmt":"2025-04-12T20:10:25","slug":"joao-paulo-ii-vinte-e-dois-anos-na-historia-com-fatima-presente-joseph-ratzinger","status":"publish","type":"product","link":"https:\/\/casadolivreiro.pt\/index.php\/product\/joao-paulo-ii-vinte-e-dois-anos-na-historia-com-fatima-presente-joseph-ratzinger\/","title":{"rendered":"JO\u00c3O Paulo II: Vinte e dois anos na Hist\u00f3ria com F\u00e1tima presente \u2013 Joseph Ratzinger"},"content":{"rendered":"<p>JO\u00c3O Paulo II: Vinte e dois anos na Hist\u00f3ria com F\u00e1tima presente \u2013 Joseph Ratzinger<\/p>\n<p>Tradu\u00e7\u00e3o de Maria do Ros\u00e1rio C. Pernas<\/p>\n<p>Ano de edi\u00e7\u00e3o:\u00a0 2000<\/p>\n<p>Editor: Paulus Editora<\/p>\n<p>Idioma: Portugu\u00eas<\/p>\n<p>Dimens\u00f5es: 17 x 0.8 x 24<\/p>\n<p>Encaderna\u00e7\u00e3o: capa mole<\/p>\n<p>P\u00e1ginas: 95<\/p>\n","protected":false},"excerpt":{"rendered":"<p>JO\u00c3O Paulo II: Vinte e dois anos na Hist\u00f3ria com F\u00e1tima presente \u2013 Joseph Ratzinger Tradu\u00e7\u00e3o de Maria do Ros\u00e1rio C. Pernas Ano de edi\u00e7\u00e3o:\u00a0 2000 Editor: Paulus Editora Idioma: Portugu\u00eas Dimens\u00f5es: 17 x 0.8 x 24 Encaderna\u00e7\u00e3o: capa mole P\u00e1ginas: 95<\/p>\n","protected":false},"featured_media":4510,"comment_status":"open","ping_status":"closed","template":"","meta":{"om_disable_all_campaigns":false,"_monsterinsights_skip_tracking":false,"_monsterinsights_sitenote_active":false,"_monsterinsights_sitenote_note":"","_monsterinsights_sitenote_category":0,"_uf_show_specific_survey":0,"_uf_disable_surveys":false},"product_cat":[28,33,30],"product_tag":[],"aioseo_notices":[],"jetpack_sharing_enabled":true,"_links":{"self":[{"href":"https:\/\/casadolivreiro.pt\/index.php\/wp-json\/wp\/v2\/product\/4509"}],"collection":[{"href":"https:\/\/casadolivreiro.pt\/index.php\/wp-json\/wp\/v2\/product"}],"about":[{"href":"https:\/\/casadolivreiro.pt\/index.php\/wp-json\/wp\/v2\/types\/product"}],"replies":[{"embeddable":true,"href":"https:\/\/casadolivreiro.pt\/index.php\/wp-json\/wp\/v2\/comments?post=4509"}],"wp:featuredmedia":[{"embeddable":true,"href":"https:\/\/casadolivreiro.pt\/index.php\/wp-json\/wp\/v2\/media\/4510"}],"wp:attachment":[{"href":"https:\/\/casadolivreiro.pt\/index.php\/wp-json\/wp\/v2\/media?parent=4509"}],"wp:term":[{"taxonomy":"product_cat","embeddable":true,"href":"https:\/\/casadolivreiro.pt\/index.php\/wp-json\/wp\/v2\/product_cat?post=4509"},{"taxonomy":"product_tag","embeddable":true,"href":"https:\/\/casadolivreiro.pt\/index.php\/wp-json\/wp\/v2\/product_tag?post=4509"}],"curies":[{"name":"wp","href":"https:\/\/api.w.org\/{rel}","templated":true}]}}