{"id":4494,"date":"2025-04-12T19:17:12","date_gmt":"2025-04-12T19:17:12","guid":{"rendered":"https:\/\/casadolivreiro.pt\/?post_type=product&#038;p=4494"},"modified":"2025-04-12T19:17:12","modified_gmt":"2025-04-12T19:17:12","slug":"queres-ser-meu-amigo-margarida-cordo","status":"publish","type":"product","link":"https:\/\/casadolivreiro.pt\/index.php\/product\/queres-ser-meu-amigo-margarida-cordo\/","title":{"rendered":"QUERES SER MEU AMIGO? \u2013 Margarida Cordo"},"content":{"rendered":"<p>QUERES SER MEU AMIGO? \u2013 Margarida Cordo<\/p>\n<p>Ano de edi\u00e7\u00e3o:\u00a0 1986<\/p>\n<p>Editor: Edi\u00e7\u00f5es Paulistas, Lisboa<\/p>\n<p>Idioma: Portugu\u00eas<\/p>\n<p>Dimens\u00f5es: 13 x 0.7 x 20.5<\/p>\n<p>Encaderna\u00e7\u00e3o: capa mole<\/p>\n<p>P\u00e1ginas: 86<\/p>\n","protected":false},"excerpt":{"rendered":"<p>QUERES SER MEU AMIGO? \u2013 Margarida Cordo Ano de edi\u00e7\u00e3o:\u00a0 1986 Editor: Edi\u00e7\u00f5es Paulistas, Lisboa Idioma: Portugu\u00eas Dimens\u00f5es: 13 x 0.7 x 20.5 Encaderna\u00e7\u00e3o: capa mole P\u00e1ginas: 86<\/p>\n","protected":false},"featured_media":4495,"comment_status":"open","ping_status":"closed","template":"","meta":{"om_disable_all_campaigns":false,"_monsterinsights_skip_tracking":false,"_monsterinsights_sitenote_active":false,"_monsterinsights_sitenote_note":"","_monsterinsights_sitenote_category":0,"_uf_show_specific_survey":0,"_uf_disable_surveys":false},"product_cat":[33,34],"product_tag":[],"aioseo_notices":[],"jetpack_sharing_enabled":true,"_links":{"self":[{"href":"https:\/\/casadolivreiro.pt\/index.php\/wp-json\/wp\/v2\/product\/4494"}],"collection":[{"href":"https:\/\/casadolivreiro.pt\/index.php\/wp-json\/wp\/v2\/product"}],"about":[{"href":"https:\/\/casadolivreiro.pt\/index.php\/wp-json\/wp\/v2\/types\/product"}],"replies":[{"embeddable":true,"href":"https:\/\/casadolivreiro.pt\/index.php\/wp-json\/wp\/v2\/comments?post=4494"}],"wp:featuredmedia":[{"embeddable":true,"href":"https:\/\/casadolivreiro.pt\/index.php\/wp-json\/wp\/v2\/media\/4495"}],"wp:attachment":[{"href":"https:\/\/casadolivreiro.pt\/index.php\/wp-json\/wp\/v2\/media?parent=4494"}],"wp:term":[{"taxonomy":"product_cat","embeddable":true,"href":"https:\/\/casadolivreiro.pt\/index.php\/wp-json\/wp\/v2\/product_cat?post=4494"},{"taxonomy":"product_tag","embeddable":true,"href":"https:\/\/casadolivreiro.pt\/index.php\/wp-json\/wp\/v2\/product_tag?post=4494"}],"curies":[{"name":"wp","href":"https:\/\/api.w.org\/{rel}","templated":true}]}}