{"id":4492,"date":"2025-04-12T19:12:36","date_gmt":"2025-04-12T19:12:36","guid":{"rendered":"https:\/\/casadolivreiro.pt\/?post_type=product&#038;p=4492"},"modified":"2025-04-12T19:12:36","modified_gmt":"2025-04-12T19:12:36","slug":"madre-soledad-dos-doentes-soledad-torres-acosta-jose-maria-javierre","status":"publish","type":"product","link":"https:\/\/casadolivreiro.pt\/index.php\/product\/madre-soledad-dos-doentes-soledad-torres-acosta-jose-maria-javierre\/","title":{"rendered":"MADRE SOLEDAD DOS DOENTES: Soledad Torres Acosta \u2013 Jos\u00e9 Maria Javierre"},"content":{"rendered":"<p>MADRE SOLEDAD DOS DOENTES: Soledad Torres Acosta \u2013 Jos\u00e9 Maria Javierre<\/p>\n<p>Tradu\u00e7\u00e3o de Frei Fernando de Negreiros<\/p>\n<p>Ano de edi\u00e7\u00e3o:<\/p>\n<p>Editor: Religiosas Servas de Maria, Ministras dos Enfermos, Lisboa<\/p>\n<p>Idioma: Portugu\u00eas<\/p>\n<p>Dimens\u00f5es: 14 x 1.8 x 20.5<\/p>\n<p>Encaderna\u00e7\u00e3o: capa dura<\/p>\n<p>P\u00e1ginas: 270<\/p>\n<p>&nbsp;<\/p>\n","protected":false},"excerpt":{"rendered":"<p>MADRE SOLEDAD DOS DOENTES: Soledad Torres Acosta \u2013 Jos\u00e9 Maria Javierre Tradu\u00e7\u00e3o de Frei Fernando de Negreiros Ano de edi\u00e7\u00e3o: Editor: Religiosas Servas de Maria, Ministras dos Enfermos, Lisboa Idioma: Portugu\u00eas Dimens\u00f5es: 14 x 1.8 x 20.5 Encaderna\u00e7\u00e3o: capa dura P\u00e1ginas: 270 &nbsp;<\/p>\n","protected":false},"featured_media":4493,"comment_status":"open","ping_status":"closed","template":"","meta":{"om_disable_all_campaigns":false,"_monsterinsights_skip_tracking":false,"_monsterinsights_sitenote_active":false,"_monsterinsights_sitenote_note":"","_monsterinsights_sitenote_category":0,"_uf_show_specific_survey":0,"_uf_disable_surveys":false},"product_cat":[33,36],"product_tag":[],"aioseo_notices":[],"jetpack_sharing_enabled":true,"_links":{"self":[{"href":"https:\/\/casadolivreiro.pt\/index.php\/wp-json\/wp\/v2\/product\/4492"}],"collection":[{"href":"https:\/\/casadolivreiro.pt\/index.php\/wp-json\/wp\/v2\/product"}],"about":[{"href":"https:\/\/casadolivreiro.pt\/index.php\/wp-json\/wp\/v2\/types\/product"}],"replies":[{"embeddable":true,"href":"https:\/\/casadolivreiro.pt\/index.php\/wp-json\/wp\/v2\/comments?post=4492"}],"wp:featuredmedia":[{"embeddable":true,"href":"https:\/\/casadolivreiro.pt\/index.php\/wp-json\/wp\/v2\/media\/4493"}],"wp:attachment":[{"href":"https:\/\/casadolivreiro.pt\/index.php\/wp-json\/wp\/v2\/media?parent=4492"}],"wp:term":[{"taxonomy":"product_cat","embeddable":true,"href":"https:\/\/casadolivreiro.pt\/index.php\/wp-json\/wp\/v2\/product_cat?post=4492"},{"taxonomy":"product_tag","embeddable":true,"href":"https:\/\/casadolivreiro.pt\/index.php\/wp-json\/wp\/v2\/product_tag?post=4492"}],"curies":[{"name":"wp","href":"https:\/\/api.w.org\/{rel}","templated":true}]}}