{"id":4490,"date":"2025-04-12T19:04:11","date_gmt":"2025-04-12T19:04:11","guid":{"rendered":"https:\/\/casadolivreiro.pt\/?post_type=product&#038;p=4490"},"modified":"2025-04-12T19:04:11","modified_gmt":"2025-04-12T19:04:11","slug":"planeta-especial-fevereiro-1975-no-31-a-ramakrishna","status":"publish","type":"product","link":"https:\/\/casadolivreiro.pt\/index.php\/product\/planeta-especial-fevereiro-1975-no-31-a-ramakrishna\/","title":{"rendered":"PLANETA ESPECIAL, Fevereiro 1975, N\u00ba 31-A: RAMAKRISHNA"},"content":{"rendered":"<p>PLANETA ESPECIAL, Fevereiro 1975, N\u00ba 31-A: RAMAKRISHNA<\/p>\n<p>Tradu\u00e7\u00e3o de Marcelo Cor\u00e7\u00e3o<\/p>\n<p>Ano de edi\u00e7\u00e3o:\u00a0 1975<\/p>\n<p>Editor: Editora Tr\u00eas<\/p>\n<p>Idioma: Portugu\u00eas<\/p>\n<p>Dimens\u00f5es: 17.5 x 1 x 19.7<\/p>\n<p>Encaderna\u00e7\u00e3o: capa mole<\/p>\n<p>P\u00e1ginas: 146<\/p>\n","protected":false},"excerpt":{"rendered":"<p>PLANETA ESPECIAL, Fevereiro 1975, N\u00ba 31-A: RAMAKRISHNA Tradu\u00e7\u00e3o de Marcelo Cor\u00e7\u00e3o Ano de edi\u00e7\u00e3o:\u00a0 1975 Editor: Editora Tr\u00eas Idioma: Portugu\u00eas Dimens\u00f5es: 17.5 x 1 x 19.7 Encaderna\u00e7\u00e3o: capa mole P\u00e1ginas: 146<\/p>\n","protected":false},"featured_media":4491,"comment_status":"open","ping_status":"closed","template":"","meta":{"om_disable_all_campaigns":false,"_monsterinsights_skip_tracking":false,"_monsterinsights_sitenote_active":false,"_monsterinsights_sitenote_note":"","_monsterinsights_sitenote_category":0,"_uf_show_specific_survey":0,"_uf_disable_surveys":false},"product_cat":[33,65],"product_tag":[],"aioseo_notices":[],"jetpack_sharing_enabled":true,"_links":{"self":[{"href":"https:\/\/casadolivreiro.pt\/index.php\/wp-json\/wp\/v2\/product\/4490"}],"collection":[{"href":"https:\/\/casadolivreiro.pt\/index.php\/wp-json\/wp\/v2\/product"}],"about":[{"href":"https:\/\/casadolivreiro.pt\/index.php\/wp-json\/wp\/v2\/types\/product"}],"replies":[{"embeddable":true,"href":"https:\/\/casadolivreiro.pt\/index.php\/wp-json\/wp\/v2\/comments?post=4490"}],"wp:featuredmedia":[{"embeddable":true,"href":"https:\/\/casadolivreiro.pt\/index.php\/wp-json\/wp\/v2\/media\/4491"}],"wp:attachment":[{"href":"https:\/\/casadolivreiro.pt\/index.php\/wp-json\/wp\/v2\/media?parent=4490"}],"wp:term":[{"taxonomy":"product_cat","embeddable":true,"href":"https:\/\/casadolivreiro.pt\/index.php\/wp-json\/wp\/v2\/product_cat?post=4490"},{"taxonomy":"product_tag","embeddable":true,"href":"https:\/\/casadolivreiro.pt\/index.php\/wp-json\/wp\/v2\/product_tag?post=4490"}],"curies":[{"name":"wp","href":"https:\/\/api.w.org\/{rel}","templated":true}]}}