{"id":4488,"date":"2025-04-12T18:39:33","date_gmt":"2025-04-12T18:39:33","guid":{"rendered":"https:\/\/casadolivreiro.pt\/?post_type=product&#038;p=4488"},"modified":"2025-04-12T18:39:33","modified_gmt":"2025-04-12T18:39:33","slug":"dos-apostolos-ao-papa-joao-paulo-ii-o-trono-de-sao-pedro-volume-1","status":"publish","type":"product","link":"https:\/\/casadolivreiro.pt\/index.php\/product\/dos-apostolos-ao-papa-joao-paulo-ii-o-trono-de-sao-pedro-volume-1\/","title":{"rendered":"DOS AP\u00d3STOLOS AO PAPA JO\u00c3O PAULO II: O Trono de S\u00e3o Pedro, Volume 1"},"content":{"rendered":"<p>DOS AP\u00d3STOLOS AO PAPA JO\u00c3O PAULO II: O Trono de S\u00e3o Pedro, Volume 1<\/p>\n<p>Ano de edi\u00e7\u00e3o:\u00a0 2005<\/p>\n<p>Editor: Edi\u00e7\u00e3o e Conte\u00fados, S.A.<\/p>\n<p>Idioma: Portugu\u00eas<\/p>\n<p>Dimens\u00f5es: 19.5 x 1 x 26.8<\/p>\n<p>Encaderna\u00e7\u00e3o: capa dura<\/p>\n<p>P\u00e1ginas: 93<\/p>\n","protected":false},"excerpt":{"rendered":"<p>DOS AP\u00d3STOLOS AO PAPA JO\u00c3O PAULO II: O Trono de S\u00e3o Pedro, Volume 1 Ano de edi\u00e7\u00e3o:\u00a0 2005 Editor: Edi\u00e7\u00e3o e Conte\u00fados, S.A. Idioma: Portugu\u00eas Dimens\u00f5es: 19.5 x 1 x 26.8 Encaderna\u00e7\u00e3o: capa dura P\u00e1ginas: 93<\/p>\n","protected":false},"featured_media":4489,"comment_status":"open","ping_status":"closed","template":"","meta":{"om_disable_all_campaigns":false,"_monsterinsights_skip_tracking":false,"_monsterinsights_sitenote_active":false,"_monsterinsights_sitenote_note":"","_monsterinsights_sitenote_category":0,"_uf_show_specific_survey":0,"_uf_disable_surveys":false},"product_cat":[33,30],"product_tag":[],"aioseo_notices":[],"jetpack_sharing_enabled":true,"_links":{"self":[{"href":"https:\/\/casadolivreiro.pt\/index.php\/wp-json\/wp\/v2\/product\/4488"}],"collection":[{"href":"https:\/\/casadolivreiro.pt\/index.php\/wp-json\/wp\/v2\/product"}],"about":[{"href":"https:\/\/casadolivreiro.pt\/index.php\/wp-json\/wp\/v2\/types\/product"}],"replies":[{"embeddable":true,"href":"https:\/\/casadolivreiro.pt\/index.php\/wp-json\/wp\/v2\/comments?post=4488"}],"wp:featuredmedia":[{"embeddable":true,"href":"https:\/\/casadolivreiro.pt\/index.php\/wp-json\/wp\/v2\/media\/4489"}],"wp:attachment":[{"href":"https:\/\/casadolivreiro.pt\/index.php\/wp-json\/wp\/v2\/media?parent=4488"}],"wp:term":[{"taxonomy":"product_cat","embeddable":true,"href":"https:\/\/casadolivreiro.pt\/index.php\/wp-json\/wp\/v2\/product_cat?post=4488"},{"taxonomy":"product_tag","embeddable":true,"href":"https:\/\/casadolivreiro.pt\/index.php\/wp-json\/wp\/v2\/product_tag?post=4488"}],"curies":[{"name":"wp","href":"https:\/\/api.w.org\/{rel}","templated":true}]}}