{"id":4480,"date":"2025-04-12T18:10:47","date_gmt":"2025-04-12T18:10:47","guid":{"rendered":"https:\/\/casadolivreiro.pt\/?post_type=product&#038;p=4480"},"modified":"2025-04-12T18:10:47","modified_gmt":"2025-04-12T18:10:47","slug":"jesus-hoje-uma-espiritualidade-de-liberdade-radical-albert-nolan","status":"publish","type":"product","link":"https:\/\/casadolivreiro.pt\/index.php\/product\/jesus-hoje-uma-espiritualidade-de-liberdade-radical-albert-nolan\/","title":{"rendered":"JESUS HOJE: Uma espiritualidade de liberdade radical \u2013 Albert Nolan"},"content":{"rendered":"<p>JESUS HOJE: Uma espiritualidade de liberdade radical \u2013 Albert Nolan<\/p>\n<p>Ano de edi\u00e7\u00e3o: 2009, 2.\u00aa edi\u00e7\u00e3o<\/p>\n<p>Editor: Paulinas Editora<\/p>\n<p>Idioma: Portugu\u00eas<\/p>\n<p>Dimens\u00f5es: 14 x 2 x 21<\/p>\n<p>Encaderna\u00e7\u00e3o: capa mole<\/p>\n<p>P\u00e1ginas: 272<\/p>\n","protected":false},"excerpt":{"rendered":"<p>JESUS HOJE: Uma espiritualidade de liberdade radical \u2013 Albert Nolan Ano de edi\u00e7\u00e3o: 2009, 2.\u00aa edi\u00e7\u00e3o Editor: Paulinas Editora Idioma: Portugu\u00eas Dimens\u00f5es: 14 x 2 x 21 Encaderna\u00e7\u00e3o: capa mole P\u00e1ginas: 272<\/p>\n","protected":false},"featured_media":4481,"comment_status":"open","ping_status":"closed","template":"","meta":{"om_disable_all_campaigns":false,"_monsterinsights_skip_tracking":false,"_monsterinsights_sitenote_active":false,"_monsterinsights_sitenote_note":"","_monsterinsights_sitenote_category":0,"_uf_show_specific_survey":0,"_uf_disable_surveys":false},"product_cat":[33],"product_tag":[],"aioseo_notices":[],"jetpack_sharing_enabled":true,"_links":{"self":[{"href":"https:\/\/casadolivreiro.pt\/index.php\/wp-json\/wp\/v2\/product\/4480"}],"collection":[{"href":"https:\/\/casadolivreiro.pt\/index.php\/wp-json\/wp\/v2\/product"}],"about":[{"href":"https:\/\/casadolivreiro.pt\/index.php\/wp-json\/wp\/v2\/types\/product"}],"replies":[{"embeddable":true,"href":"https:\/\/casadolivreiro.pt\/index.php\/wp-json\/wp\/v2\/comments?post=4480"}],"wp:featuredmedia":[{"embeddable":true,"href":"https:\/\/casadolivreiro.pt\/index.php\/wp-json\/wp\/v2\/media\/4481"}],"wp:attachment":[{"href":"https:\/\/casadolivreiro.pt\/index.php\/wp-json\/wp\/v2\/media?parent=4480"}],"wp:term":[{"taxonomy":"product_cat","embeddable":true,"href":"https:\/\/casadolivreiro.pt\/index.php\/wp-json\/wp\/v2\/product_cat?post=4480"},{"taxonomy":"product_tag","embeddable":true,"href":"https:\/\/casadolivreiro.pt\/index.php\/wp-json\/wp\/v2\/product_tag?post=4480"}],"curies":[{"name":"wp","href":"https:\/\/api.w.org\/{rel}","templated":true}]}}