{"id":4474,"date":"2025-04-12T17:10:50","date_gmt":"2025-04-12T17:10:50","guid":{"rendered":"https:\/\/casadolivreiro.pt\/?post_type=product&#038;p=4474"},"modified":"2025-04-12T17:10:50","modified_gmt":"2025-04-12T17:10:50","slug":"mulher-sem-fronteiras-beatriz-costa","status":"publish","type":"product","link":"https:\/\/casadolivreiro.pt\/index.php\/product\/mulher-sem-fronteiras-beatriz-costa\/","title":{"rendered":"MULHER SEM FRONTEIRAS \u2013 Beatriz Costa"},"content":{"rendered":"<p>MULHER SEM FRONTEIRAS \u2013 Beatriz Costa<\/p>\n<p>C\u00f3pia autografada<\/p>\n<p>Ano de edi\u00e7\u00e3o: 1981<\/p>\n<p>Editor: Europa-Am\u00e9rica<\/p>\n<p>Idioma: Portugu\u00eas<\/p>\n<p>Dimens\u00f5es: 14 x 1.9 x 20.8<\/p>\n<p>Encaderna\u00e7\u00e3o: capa mole<\/p>\n<p>P\u00e1ginas: 245<\/p>\n<p>Beatriz Costa \u00e9 pseud\u00f3nimo de Beatriz da Concei\u00e7\u00e3o (Milharado, 1907 \u2014 Lisboa, 1996), conhecida pelos filmes em que participou durante a era de ouro do Cinema Portugu\u00eas, foi atriz, cantora e escritora portuguesa, tendo sido consagrada como \u00edcone da cultura popular lusa.<\/p>\n","protected":false},"excerpt":{"rendered":"<p>MULHER SEM FRONTEIRAS \u2013 Beatriz Costa C\u00f3pia autografada Ano de edi\u00e7\u00e3o: 1981 Editor: Europa-Am\u00e9rica Idioma: Portugu\u00eas Dimens\u00f5es: 14 x 1.9 x 20.8 Encaderna\u00e7\u00e3o: capa mole P\u00e1ginas: 245 Beatriz Costa \u00e9 pseud\u00f3nimo de Beatriz da Concei\u00e7\u00e3o (Milharado, 1907 \u2014 Lisboa, 1996), conhecida pelos filmes em que participou durante a era de ouro do Cinema Portugu\u00eas, foi [&hellip;]<\/p>\n","protected":false},"featured_media":4475,"comment_status":"open","ping_status":"closed","template":"","meta":{"om_disable_all_campaigns":false,"_monsterinsights_skip_tracking":false,"_monsterinsights_sitenote_active":false,"_monsterinsights_sitenote_note":"","_monsterinsights_sitenote_category":0,"_uf_show_specific_survey":0,"_uf_disable_surveys":false},"product_cat":[36,62],"product_tag":[],"aioseo_notices":[],"jetpack_sharing_enabled":true,"_links":{"self":[{"href":"https:\/\/casadolivreiro.pt\/index.php\/wp-json\/wp\/v2\/product\/4474"}],"collection":[{"href":"https:\/\/casadolivreiro.pt\/index.php\/wp-json\/wp\/v2\/product"}],"about":[{"href":"https:\/\/casadolivreiro.pt\/index.php\/wp-json\/wp\/v2\/types\/product"}],"replies":[{"embeddable":true,"href":"https:\/\/casadolivreiro.pt\/index.php\/wp-json\/wp\/v2\/comments?post=4474"}],"wp:featuredmedia":[{"embeddable":true,"href":"https:\/\/casadolivreiro.pt\/index.php\/wp-json\/wp\/v2\/media\/4475"}],"wp:attachment":[{"href":"https:\/\/casadolivreiro.pt\/index.php\/wp-json\/wp\/v2\/media?parent=4474"}],"wp:term":[{"taxonomy":"product_cat","embeddable":true,"href":"https:\/\/casadolivreiro.pt\/index.php\/wp-json\/wp\/v2\/product_cat?post=4474"},{"taxonomy":"product_tag","embeddable":true,"href":"https:\/\/casadolivreiro.pt\/index.php\/wp-json\/wp\/v2\/product_tag?post=4474"}],"curies":[{"name":"wp","href":"https:\/\/api.w.org\/{rel}","templated":true}]}}