{"id":4468,"date":"2025-04-12T15:28:21","date_gmt":"2025-04-12T15:28:21","guid":{"rendered":"https:\/\/casadolivreiro.pt\/?post_type=product&#038;p=4468"},"modified":"2025-04-12T15:28:21","modified_gmt":"2025-04-12T15:28:21","slug":"um-seriamos-os-mesmos-se-soubessemos-o-que-nos-espera-para-la-do-espaco-e-do-tempo-richard-bach","status":"publish","type":"product","link":"https:\/\/casadolivreiro.pt\/index.php\/product\/um-seriamos-os-mesmos-se-soubessemos-o-que-nos-espera-para-la-do-espaco-e-do-tempo-richard-bach\/","title":{"rendered":"UM: Ser\u00edamos os mesmos se soub\u00e9ssemos o que nos espera para l\u00e1 do espa\u00e7o e do tempo? \u2013 Richard Bach"},"content":{"rendered":"<p>UM: Ser\u00edamos os mesmos se soub\u00e9ssemos o que nos espera para l\u00e1 do espa\u00e7o e do tempo? \u2013 Richard Bach<\/p>\n<p>Tradu\u00e7\u00e3o de Sophie Vinga<\/p>\n<p>Ano de edi\u00e7\u00e3o: 1989<\/p>\n<p>Editor: Europa-Am\u00e9rica<\/p>\n<p>Idioma: Portugu\u00eas<\/p>\n<p>Dimens\u00f5es: 16 x 1.4 x 21.5<\/p>\n<p>Encaderna\u00e7\u00e3o: capa mole<\/p>\n<p>P\u00e1ginas: 239<\/p>\n","protected":false},"excerpt":{"rendered":"<p>UM: Ser\u00edamos os mesmos se soub\u00e9ssemos o que nos espera para l\u00e1 do espa\u00e7o e do tempo? \u2013 Richard Bach Tradu\u00e7\u00e3o de Sophie Vinga Ano de edi\u00e7\u00e3o: 1989 Editor: Europa-Am\u00e9rica Idioma: Portugu\u00eas Dimens\u00f5es: 16 x 1.4 x 21.5 Encaderna\u00e7\u00e3o: capa mole P\u00e1ginas: 239<\/p>\n","protected":false},"featured_media":4469,"comment_status":"open","ping_status":"closed","template":"","meta":{"om_disable_all_campaigns":false,"_monsterinsights_skip_tracking":false,"_monsterinsights_sitenote_active":false,"_monsterinsights_sitenote_note":"","_monsterinsights_sitenote_category":0,"_uf_show_specific_survey":0,"_uf_disable_surveys":false},"product_cat":[33],"product_tag":[],"aioseo_notices":[],"jetpack_sharing_enabled":true,"_links":{"self":[{"href":"https:\/\/casadolivreiro.pt\/index.php\/wp-json\/wp\/v2\/product\/4468"}],"collection":[{"href":"https:\/\/casadolivreiro.pt\/index.php\/wp-json\/wp\/v2\/product"}],"about":[{"href":"https:\/\/casadolivreiro.pt\/index.php\/wp-json\/wp\/v2\/types\/product"}],"replies":[{"embeddable":true,"href":"https:\/\/casadolivreiro.pt\/index.php\/wp-json\/wp\/v2\/comments?post=4468"}],"wp:featuredmedia":[{"embeddable":true,"href":"https:\/\/casadolivreiro.pt\/index.php\/wp-json\/wp\/v2\/media\/4469"}],"wp:attachment":[{"href":"https:\/\/casadolivreiro.pt\/index.php\/wp-json\/wp\/v2\/media?parent=4468"}],"wp:term":[{"taxonomy":"product_cat","embeddable":true,"href":"https:\/\/casadolivreiro.pt\/index.php\/wp-json\/wp\/v2\/product_cat?post=4468"},{"taxonomy":"product_tag","embeddable":true,"href":"https:\/\/casadolivreiro.pt\/index.php\/wp-json\/wp\/v2\/product_tag?post=4468"}],"curies":[{"name":"wp","href":"https:\/\/api.w.org\/{rel}","templated":true}]}}