{"id":4463,"date":"2025-04-12T15:14:00","date_gmt":"2025-04-12T15:14:00","guid":{"rendered":"https:\/\/casadolivreiro.pt\/?post_type=product&#038;p=4463"},"modified":"2025-04-12T15:14:00","modified_gmt":"2025-04-12T15:14:00","slug":"discursos-do-papa-joao-paulo-ii-em-portugal-com-fotografias-e-saudacoes-a-sua-santidade","status":"publish","type":"product","link":"https:\/\/casadolivreiro.pt\/index.php\/product\/discursos-do-papa-joao-paulo-ii-em-portugal-com-fotografias-e-saudacoes-a-sua-santidade\/","title":{"rendered":"DISCURSOS DO PAPA JO\u00c3O PAULO II EM PORTUGAL: Com fotografias e sauda\u00e7\u00f5es a sua santidade"},"content":{"rendered":"<p>DISCURSOS DO PAPA JO\u00c3O PAULO II EM PORTUGAL: Com fotografias e sauda\u00e7\u00f5es a sua santidade<\/p>\n<p>Ano de edi\u00e7\u00e3o: 1982<\/p>\n<p>Editor: Rei dos Livros, Lisboa<\/p>\n<p>Idioma: Portugu\u00eas<\/p>\n<p>Dimens\u00f5es: 14.4 x 1.6 x 20.5<\/p>\n<p>Encaderna\u00e7\u00e3o: capa mole<\/p>\n<p>P\u00e1ginas: 237<\/p>\n","protected":false},"excerpt":{"rendered":"<p>DISCURSOS DO PAPA JO\u00c3O PAULO II EM PORTUGAL: Com fotografias e sauda\u00e7\u00f5es a sua santidade Ano de edi\u00e7\u00e3o: 1982 Editor: Rei dos Livros, Lisboa Idioma: Portugu\u00eas Dimens\u00f5es: 14.4 x 1.6 x 20.5 Encaderna\u00e7\u00e3o: capa mole P\u00e1ginas: 237<\/p>\n","protected":false},"featured_media":4464,"comment_status":"open","ping_status":"closed","template":"","meta":{"om_disable_all_campaigns":false,"_monsterinsights_skip_tracking":false,"_monsterinsights_sitenote_active":false,"_monsterinsights_sitenote_note":"","_monsterinsights_sitenote_category":0,"_uf_show_specific_survey":0,"_uf_disable_surveys":false},"product_cat":[33,30],"product_tag":[],"aioseo_notices":[],"jetpack_sharing_enabled":true,"_links":{"self":[{"href":"https:\/\/casadolivreiro.pt\/index.php\/wp-json\/wp\/v2\/product\/4463"}],"collection":[{"href":"https:\/\/casadolivreiro.pt\/index.php\/wp-json\/wp\/v2\/product"}],"about":[{"href":"https:\/\/casadolivreiro.pt\/index.php\/wp-json\/wp\/v2\/types\/product"}],"replies":[{"embeddable":true,"href":"https:\/\/casadolivreiro.pt\/index.php\/wp-json\/wp\/v2\/comments?post=4463"}],"wp:featuredmedia":[{"embeddable":true,"href":"https:\/\/casadolivreiro.pt\/index.php\/wp-json\/wp\/v2\/media\/4464"}],"wp:attachment":[{"href":"https:\/\/casadolivreiro.pt\/index.php\/wp-json\/wp\/v2\/media?parent=4463"}],"wp:term":[{"taxonomy":"product_cat","embeddable":true,"href":"https:\/\/casadolivreiro.pt\/index.php\/wp-json\/wp\/v2\/product_cat?post=4463"},{"taxonomy":"product_tag","embeddable":true,"href":"https:\/\/casadolivreiro.pt\/index.php\/wp-json\/wp\/v2\/product_tag?post=4463"}],"curies":[{"name":"wp","href":"https:\/\/api.w.org\/{rel}","templated":true}]}}