{"id":4454,"date":"2025-04-11T23:44:07","date_gmt":"2025-04-11T23:44:07","guid":{"rendered":"https:\/\/casadolivreiro.pt\/?post_type=product&#038;p=4454"},"modified":"2025-04-11T23:44:07","modified_gmt":"2025-04-11T23:44:07","slug":"o-desejado-de-todas-as-nacoes-ellen-white","status":"publish","type":"product","link":"https:\/\/casadolivreiro.pt\/index.php\/product\/o-desejado-de-todas-as-nacoes-ellen-white\/","title":{"rendered":"O DESEJADO DE TODAS AS NA\u00c7\u00d5ES \u2013 Ellen White"},"content":{"rendered":"<p>O DESEJADO DE TODAS AS NA\u00c7\u00d5ES \u2013 Ellen White<\/p>\n<p>Ano de edi\u00e7\u00e3o:<\/p>\n<p>Editor: Publicadora Atl\u00e2ntico, Lisboa<\/p>\n<p>Idioma: Portugu\u00eas<\/p>\n<p>Dimens\u00f5es: 15 x 2.8 x 21.8<\/p>\n<p>Encaderna\u00e7\u00e3o: capa dura<\/p>\n<p>P\u00e1ginas: 643<\/p>\n","protected":false},"excerpt":{"rendered":"<p>O DESEJADO DE TODAS AS NA\u00c7\u00d5ES \u2013 Ellen White Ano de edi\u00e7\u00e3o: Editor: Publicadora Atl\u00e2ntico, Lisboa Idioma: Portugu\u00eas Dimens\u00f5es: 15 x 2.8 x 21.8 Encaderna\u00e7\u00e3o: capa dura P\u00e1ginas: 643<\/p>\n","protected":false},"featured_media":4455,"comment_status":"open","ping_status":"closed","template":"","meta":{"om_disable_all_campaigns":false,"_monsterinsights_skip_tracking":false,"_monsterinsights_sitenote_active":false,"_monsterinsights_sitenote_note":"","_monsterinsights_sitenote_category":0,"_uf_show_specific_survey":0,"_uf_disable_surveys":false},"product_cat":[33,29],"product_tag":[],"aioseo_notices":[],"jetpack_sharing_enabled":true,"_links":{"self":[{"href":"https:\/\/casadolivreiro.pt\/index.php\/wp-json\/wp\/v2\/product\/4454"}],"collection":[{"href":"https:\/\/casadolivreiro.pt\/index.php\/wp-json\/wp\/v2\/product"}],"about":[{"href":"https:\/\/casadolivreiro.pt\/index.php\/wp-json\/wp\/v2\/types\/product"}],"replies":[{"embeddable":true,"href":"https:\/\/casadolivreiro.pt\/index.php\/wp-json\/wp\/v2\/comments?post=4454"}],"wp:featuredmedia":[{"embeddable":true,"href":"https:\/\/casadolivreiro.pt\/index.php\/wp-json\/wp\/v2\/media\/4455"}],"wp:attachment":[{"href":"https:\/\/casadolivreiro.pt\/index.php\/wp-json\/wp\/v2\/media?parent=4454"}],"wp:term":[{"taxonomy":"product_cat","embeddable":true,"href":"https:\/\/casadolivreiro.pt\/index.php\/wp-json\/wp\/v2\/product_cat?post=4454"},{"taxonomy":"product_tag","embeddable":true,"href":"https:\/\/casadolivreiro.pt\/index.php\/wp-json\/wp\/v2\/product_tag?post=4454"}],"curies":[{"name":"wp","href":"https:\/\/api.w.org\/{rel}","templated":true}]}}