{"id":4446,"date":"2025-04-11T23:13:07","date_gmt":"2025-04-11T23:13:07","guid":{"rendered":"https:\/\/casadolivreiro.pt\/?post_type=product&#038;p=4446"},"modified":"2025-04-11T23:13:07","modified_gmt":"2025-04-11T23:13:07","slug":"o-deserto-e-a-rosa-vida-de-joana-jugan-fundadora-das-irmazinhas-dos-pobres-eloi-leclerc","status":"publish","type":"product","link":"https:\/\/casadolivreiro.pt\/index.php\/product\/o-deserto-e-a-rosa-vida-de-joana-jugan-fundadora-das-irmazinhas-dos-pobres-eloi-leclerc\/","title":{"rendered":"O DESERTO E A ROSA: Vida de Joana Jugan, Fundadora das Irm\u00e3zinhas dos Pobres  \u2013 \u00c9loi Leclerc"},"content":{"rendered":"<p>O DESERTO E A ROSA: Vida de Joana Jugan, Fundadora das Irm\u00e3zinhas dos Pobres<\/p>\n<p>\u2013 \u00c9loi Leclerc<\/p>\n<p>Tradu\u00e7\u00e3o de Margarida Maria Os\u00f3rio Gon\u00e7alves<\/p>\n<p>Ano de edi\u00e7\u00e3o: 2003<\/p>\n<p>Editor: Paulus Editora<\/p>\n<p>Idioma: Portugu\u00eas<\/p>\n<p>Dimens\u00f5es: 13 x 0.6 x 20.5<\/p>\n<p>Encaderna\u00e7\u00e3o: capa mole<\/p>\n<p>P\u00e1ginas: 93<\/p>\n","protected":false},"excerpt":{"rendered":"<p>O DESERTO E A ROSA: Vida de Joana Jugan, Fundadora das Irm\u00e3zinhas dos Pobres \u2013 \u00c9loi Leclerc Tradu\u00e7\u00e3o de Margarida Maria Os\u00f3rio Gon\u00e7alves Ano de edi\u00e7\u00e3o: 2003 Editor: Paulus Editora Idioma: Portugu\u00eas Dimens\u00f5es: 13 x 0.6 x 20.5 Encaderna\u00e7\u00e3o: capa mole P\u00e1ginas: 93<\/p>\n","protected":false},"featured_media":4447,"comment_status":"open","ping_status":"closed","template":"","meta":{"om_disable_all_campaigns":false,"_monsterinsights_skip_tracking":false,"_monsterinsights_sitenote_active":false,"_monsterinsights_sitenote_note":"","_monsterinsights_sitenote_category":0,"_uf_show_specific_survey":0,"_uf_disable_surveys":false},"product_cat":[33],"product_tag":[],"aioseo_notices":[],"jetpack_sharing_enabled":true,"_links":{"self":[{"href":"https:\/\/casadolivreiro.pt\/index.php\/wp-json\/wp\/v2\/product\/4446"}],"collection":[{"href":"https:\/\/casadolivreiro.pt\/index.php\/wp-json\/wp\/v2\/product"}],"about":[{"href":"https:\/\/casadolivreiro.pt\/index.php\/wp-json\/wp\/v2\/types\/product"}],"replies":[{"embeddable":true,"href":"https:\/\/casadolivreiro.pt\/index.php\/wp-json\/wp\/v2\/comments?post=4446"}],"wp:featuredmedia":[{"embeddable":true,"href":"https:\/\/casadolivreiro.pt\/index.php\/wp-json\/wp\/v2\/media\/4447"}],"wp:attachment":[{"href":"https:\/\/casadolivreiro.pt\/index.php\/wp-json\/wp\/v2\/media?parent=4446"}],"wp:term":[{"taxonomy":"product_cat","embeddable":true,"href":"https:\/\/casadolivreiro.pt\/index.php\/wp-json\/wp\/v2\/product_cat?post=4446"},{"taxonomy":"product_tag","embeddable":true,"href":"https:\/\/casadolivreiro.pt\/index.php\/wp-json\/wp\/v2\/product_tag?post=4446"}],"curies":[{"name":"wp","href":"https:\/\/api.w.org\/{rel}","templated":true}]}}