{"id":4442,"date":"2025-04-11T22:59:43","date_gmt":"2025-04-11T22:59:43","guid":{"rendered":"https:\/\/casadolivreiro.pt\/?post_type=product&#038;p=4442"},"modified":"2025-04-11T22:59:44","modified_gmt":"2025-04-11T22:59:44","slug":"maximiliano-kolbe-construtor-da-polonia-crista-franciscano-maria-winowska","status":"publish","type":"product","link":"https:\/\/casadolivreiro.pt\/index.php\/product\/maximiliano-kolbe-construtor-da-polonia-crista-franciscano-maria-winowska\/","title":{"rendered":"MAXIMILIANO KOLBE: Construtor da Pol\u00f3nia Crist\u00e3, Franciscano\u2013 Maria Winowska"},"content":{"rendered":"<p>MAXIMILIANO KOLBE: Construtor da Pol\u00f3nia Crist\u00e3, Franciscano\u2013 Maria Winowska<\/p>\n<p>Tradu\u00e7\u00e3o de dr. Miguel M\u00e1rio Pupo Correia<\/p>\n<p>Ano de edi\u00e7\u00e3o: 1982<\/p>\n<p>Editor: Edi\u00e7\u00f5es LUX, Editorial Franciscana, Braga<\/p>\n<p>Idioma: Portugu\u00eas<\/p>\n<p>Dimens\u00f5es: 11.8 x 1.1 x 18.6<\/p>\n<p>Encaderna\u00e7\u00e3o: capa mole<\/p>\n<p>P\u00e1ginas: 214<\/p>\n","protected":false},"excerpt":{"rendered":"<p>MAXIMILIANO KOLBE: Construtor da Pol\u00f3nia Crist\u00e3, Franciscano\u2013 Maria Winowska Tradu\u00e7\u00e3o de dr. Miguel M\u00e1rio Pupo Correia Ano de edi\u00e7\u00e3o: 1982 Editor: Edi\u00e7\u00f5es LUX, Editorial Franciscana, Braga Idioma: Portugu\u00eas Dimens\u00f5es: 11.8 x 1.1 x 18.6 Encaderna\u00e7\u00e3o: capa mole P\u00e1ginas: 214<\/p>\n","protected":false},"featured_media":4443,"comment_status":"open","ping_status":"closed","template":"","meta":{"om_disable_all_campaigns":false,"_monsterinsights_skip_tracking":false,"_monsterinsights_sitenote_active":false,"_monsterinsights_sitenote_note":"","_monsterinsights_sitenote_category":0,"_uf_show_specific_survey":0,"_uf_disable_surveys":false},"product_cat":[33],"product_tag":[],"aioseo_notices":[],"jetpack_sharing_enabled":true,"_links":{"self":[{"href":"https:\/\/casadolivreiro.pt\/index.php\/wp-json\/wp\/v2\/product\/4442"}],"collection":[{"href":"https:\/\/casadolivreiro.pt\/index.php\/wp-json\/wp\/v2\/product"}],"about":[{"href":"https:\/\/casadolivreiro.pt\/index.php\/wp-json\/wp\/v2\/types\/product"}],"replies":[{"embeddable":true,"href":"https:\/\/casadolivreiro.pt\/index.php\/wp-json\/wp\/v2\/comments?post=4442"}],"wp:featuredmedia":[{"embeddable":true,"href":"https:\/\/casadolivreiro.pt\/index.php\/wp-json\/wp\/v2\/media\/4443"}],"wp:attachment":[{"href":"https:\/\/casadolivreiro.pt\/index.php\/wp-json\/wp\/v2\/media?parent=4442"}],"wp:term":[{"taxonomy":"product_cat","embeddable":true,"href":"https:\/\/casadolivreiro.pt\/index.php\/wp-json\/wp\/v2\/product_cat?post=4442"},{"taxonomy":"product_tag","embeddable":true,"href":"https:\/\/casadolivreiro.pt\/index.php\/wp-json\/wp\/v2\/product_tag?post=4442"}],"curies":[{"name":"wp","href":"https:\/\/api.w.org\/{rel}","templated":true}]}}