{"id":444,"date":"2024-03-13T12:11:23","date_gmt":"2024-03-13T12:11:23","guid":{"rendered":"https:\/\/casadolivreiro.pt\/?post_type=product&#038;p=444"},"modified":"2024-03-13T12:11:23","modified_gmt":"2024-03-13T12:11:23","slug":"understanding-computers-computer-basics-time-life-books-isabel-lida-nirenberh-uta-c-merzbach-richard-murray-roger-green","status":"publish","type":"product","link":"https:\/\/casadolivreiro.pt\/index.php\/product\/understanding-computers-computer-basics-time-life-books-isabel-lida-nirenberh-uta-c-merzbach-richard-murray-roger-green\/","title":{"rendered":"UNDERSTANDING COMPUTERS: COMPUTER BASICS Time-Life Books  ( Isabel Lida Nirenberh, Uta C. Merzbach, Richard Murray, Roger Green)"},"content":{"rendered":"<p>UNDERSTANDING COMPUTERS: COMPUTER BASICS<br \/>\nTime-Life Books\u00a0 ( Isabel Lida Nirenberh, Uta C. Merzbach, Richard Murray, Roger Green)<br \/>\nISBN: 0 7054 0932 5<br \/>\nEditor: Time-Life Books<br \/>\nData de Lan\u00e7amento: 1989<br \/>\nIdioma:\u00a0 Ingl\u00eas<br \/>\nDimens\u00f5es: 23.3 x 1.2 x 28.3 cm<br \/>\nEncaderna\u00e7\u00e3o: Capa dura<br \/>\nP\u00e1ginas: 128<\/p>\n","protected":false},"excerpt":{"rendered":"<p>UNDERSTANDING COMPUTERS: COMPUTER BASICS Time-Life Books\u00a0 ( Isabel Lida Nirenberh, Uta C. Merzbach, Richard Murray, Roger Green) ISBN: 0 7054 0932 5 Editor: Time-Life Books Data de Lan\u00e7amento: 1989 Idioma:\u00a0 Ingl\u00eas Dimens\u00f5es: 23.3 x 1.2 x 28.3 cm Encaderna\u00e7\u00e3o: Capa dura P\u00e1ginas: 128<\/p>\n","protected":false},"featured_media":445,"comment_status":"open","ping_status":"closed","template":"","meta":{"om_disable_all_campaigns":false,"_monsterinsights_skip_tracking":false,"_monsterinsights_sitenote_active":false,"_monsterinsights_sitenote_note":"","_monsterinsights_sitenote_category":0,"_uf_show_specific_survey":0,"_uf_disable_surveys":false},"product_cat":[48,55],"product_tag":[],"aioseo_notices":[],"jetpack_sharing_enabled":true,"_links":{"self":[{"href":"https:\/\/casadolivreiro.pt\/index.php\/wp-json\/wp\/v2\/product\/444"}],"collection":[{"href":"https:\/\/casadolivreiro.pt\/index.php\/wp-json\/wp\/v2\/product"}],"about":[{"href":"https:\/\/casadolivreiro.pt\/index.php\/wp-json\/wp\/v2\/types\/product"}],"replies":[{"embeddable":true,"href":"https:\/\/casadolivreiro.pt\/index.php\/wp-json\/wp\/v2\/comments?post=444"}],"wp:featuredmedia":[{"embeddable":true,"href":"https:\/\/casadolivreiro.pt\/index.php\/wp-json\/wp\/v2\/media\/445"}],"wp:attachment":[{"href":"https:\/\/casadolivreiro.pt\/index.php\/wp-json\/wp\/v2\/media?parent=444"}],"wp:term":[{"taxonomy":"product_cat","embeddable":true,"href":"https:\/\/casadolivreiro.pt\/index.php\/wp-json\/wp\/v2\/product_cat?post=444"},{"taxonomy":"product_tag","embeddable":true,"href":"https:\/\/casadolivreiro.pt\/index.php\/wp-json\/wp\/v2\/product_tag?post=444"}],"curies":[{"name":"wp","href":"https:\/\/api.w.org\/{rel}","templated":true}]}}