{"id":4431,"date":"2025-04-11T19:47:16","date_gmt":"2025-04-11T19:47:16","guid":{"rendered":"https:\/\/casadolivreiro.pt\/?post_type=product&#038;p=4431"},"modified":"2025-04-22T13:39:54","modified_gmt":"2025-04-22T13:39:54","slug":"subversao-ou-evangelho-o-processo-do-paroco-de-macieira-da-lixa-no-tribunal-plenario-do-porto-jose-da-silva","status":"publish","type":"product","link":"https:\/\/casadolivreiro.pt\/index.php\/product\/subversao-ou-evangelho-o-processo-do-paroco-de-macieira-da-lixa-no-tribunal-plenario-do-porto-jose-da-silva\/","title":{"rendered":"SUBVERS\u00c3O OU EVANGELHO? O processo do p\u00e1roco de macieira da lixa no tribunal plen\u00e1rio do Porto \u2013 Jos\u00e9 da Silva"},"content":{"rendered":"<p>SUBVERS\u00c3O OU EVANGELHO? O processo do p\u00e1roco de macieira da lixa no tribunal plen\u00e1rio do Porto \u2013 Jos\u00e9 da Silva<\/p>\n<p>Ano de edi\u00e7\u00e3o: 1971<\/p>\n<p>Editor: Edi\u00e7\u00e3o do Autor<\/p>\n<p>Idioma: Portugu\u00eas<\/p>\n<p>Dimens\u00f5es: 13.3 x 1.5 x 18<\/p>\n<p>Encaderna\u00e7\u00e3o: capa mole<\/p>\n<p>P\u00e1ginas: 190<\/p>\n","protected":false},"excerpt":{"rendered":"<p>SUBVERS\u00c3O OU EVANGELHO? O processo do p\u00e1roco de macieira da lixa no tribunal plen\u00e1rio do Porto \u2013 Jos\u00e9 da Silva Ano de edi\u00e7\u00e3o: 1971 Editor: Edi\u00e7\u00e3o do Autor Idioma: Portugu\u00eas Dimens\u00f5es: 13.3 x 1.5 x 18 Encaderna\u00e7\u00e3o: capa mole P\u00e1ginas: 190<\/p>\n","protected":false},"featured_media":4432,"comment_status":"open","ping_status":"closed","template":"","meta":{"om_disable_all_campaigns":false,"_monsterinsights_skip_tracking":false,"_monsterinsights_sitenote_active":false,"_monsterinsights_sitenote_note":"","_monsterinsights_sitenote_category":0,"_uf_show_specific_survey":0,"_uf_disable_surveys":false},"product_cat":[33],"product_tag":[],"aioseo_notices":[],"jetpack_sharing_enabled":true,"_links":{"self":[{"href":"https:\/\/casadolivreiro.pt\/index.php\/wp-json\/wp\/v2\/product\/4431"}],"collection":[{"href":"https:\/\/casadolivreiro.pt\/index.php\/wp-json\/wp\/v2\/product"}],"about":[{"href":"https:\/\/casadolivreiro.pt\/index.php\/wp-json\/wp\/v2\/types\/product"}],"replies":[{"embeddable":true,"href":"https:\/\/casadolivreiro.pt\/index.php\/wp-json\/wp\/v2\/comments?post=4431"}],"wp:featuredmedia":[{"embeddable":true,"href":"https:\/\/casadolivreiro.pt\/index.php\/wp-json\/wp\/v2\/media\/4432"}],"wp:attachment":[{"href":"https:\/\/casadolivreiro.pt\/index.php\/wp-json\/wp\/v2\/media?parent=4431"}],"wp:term":[{"taxonomy":"product_cat","embeddable":true,"href":"https:\/\/casadolivreiro.pt\/index.php\/wp-json\/wp\/v2\/product_cat?post=4431"},{"taxonomy":"product_tag","embeddable":true,"href":"https:\/\/casadolivreiro.pt\/index.php\/wp-json\/wp\/v2\/product_tag?post=4431"}],"curies":[{"name":"wp","href":"https:\/\/api.w.org\/{rel}","templated":true}]}}