{"id":4423,"date":"2025-04-11T19:10:56","date_gmt":"2025-04-11T19:10:56","guid":{"rendered":"https:\/\/casadolivreiro.pt\/?post_type=product&#038;p=4423"},"modified":"2025-04-11T19:10:57","modified_gmt":"2025-04-11T19:10:57","slug":"este-homem-era-deus-ano-b-marcos-lopes-morgado","status":"publish","type":"product","link":"https:\/\/casadolivreiro.pt\/index.php\/product\/este-homem-era-deus-ano-b-marcos-lopes-morgado\/","title":{"rendered":"ESTE HOMEM ERA DEUS, Ano B \u2013 Marcos Lopes Morgado"},"content":{"rendered":"<p>ESTE HOMEM ERA DEUS, Ano B \u2013 Marcos Lopes Morgado<\/p>\n<p>Ano de edi\u00e7\u00e3o: 1987<\/p>\n<p>Editor: Difusora B\u00edblica<\/p>\n<p>Idioma: Portugu\u00eas<\/p>\n<p>Dimens\u00f5es: 14 x 1.5 x 20.7<\/p>\n<p>Encaderna\u00e7\u00e3o: capa mole<\/p>\n<p>P\u00e1ginas: 334<\/p>\n","protected":false},"excerpt":{"rendered":"<p>ESTE HOMEM ERA DEUS, Ano B \u2013 Marcos Lopes Morgado Ano de edi\u00e7\u00e3o: 1987 Editor: Difusora B\u00edblica Idioma: Portugu\u00eas Dimens\u00f5es: 14 x 1.5 x 20.7 Encaderna\u00e7\u00e3o: capa mole P\u00e1ginas: 334<\/p>\n","protected":false},"featured_media":4424,"comment_status":"open","ping_status":"closed","template":"","meta":{"om_disable_all_campaigns":false,"_monsterinsights_skip_tracking":false,"_monsterinsights_sitenote_active":false,"_monsterinsights_sitenote_note":"","_monsterinsights_sitenote_category":0,"_uf_show_specific_survey":0,"_uf_disable_surveys":false},"product_cat":[33],"product_tag":[],"aioseo_notices":[],"jetpack_sharing_enabled":true,"_links":{"self":[{"href":"https:\/\/casadolivreiro.pt\/index.php\/wp-json\/wp\/v2\/product\/4423"}],"collection":[{"href":"https:\/\/casadolivreiro.pt\/index.php\/wp-json\/wp\/v2\/product"}],"about":[{"href":"https:\/\/casadolivreiro.pt\/index.php\/wp-json\/wp\/v2\/types\/product"}],"replies":[{"embeddable":true,"href":"https:\/\/casadolivreiro.pt\/index.php\/wp-json\/wp\/v2\/comments?post=4423"}],"wp:featuredmedia":[{"embeddable":true,"href":"https:\/\/casadolivreiro.pt\/index.php\/wp-json\/wp\/v2\/media\/4424"}],"wp:attachment":[{"href":"https:\/\/casadolivreiro.pt\/index.php\/wp-json\/wp\/v2\/media?parent=4423"}],"wp:term":[{"taxonomy":"product_cat","embeddable":true,"href":"https:\/\/casadolivreiro.pt\/index.php\/wp-json\/wp\/v2\/product_cat?post=4423"},{"taxonomy":"product_tag","embeddable":true,"href":"https:\/\/casadolivreiro.pt\/index.php\/wp-json\/wp\/v2\/product_tag?post=4423"}],"curies":[{"name":"wp","href":"https:\/\/api.w.org\/{rel}","templated":true}]}}