{"id":4421,"date":"2025-04-11T18:01:18","date_gmt":"2025-04-11T18:01:18","guid":{"rendered":"https:\/\/casadolivreiro.pt\/?post_type=product&#038;p=4421"},"modified":"2026-01-11T16:42:12","modified_gmt":"2026-01-11T16:42:12","slug":"o-homem-e-a-morte-edgar-morin","status":"publish","type":"product","link":"https:\/\/casadolivreiro.pt\/index.php\/product\/o-homem-e-a-morte-edgar-morin\/","title":{"rendered":"O HOMEM E A MORTE \u2013 Edgar Morin"},"content":{"rendered":"<p>O HOMEM E A MORTE \u2013 Edgar Morin<\/p>\n<p>Tradu\u00e7\u00e3o de Jo\u00e3o Guerreiro Boto e Adelino dos Santos Rodrigues<\/p>\n<p>Ano de edi\u00e7\u00e3o: 1970<\/p>\n<p>Editor: Europa-Am\u00e9rica<\/p>\n<p>Idioma: Portugu\u00eas<\/p>\n<p>Dimens\u00f5es: 14 x 1.5 x 20.5<\/p>\n<p>Encaderna\u00e7\u00e3o: capa mole<\/p>\n<p>P\u00e1ginas: 327<\/p>\n","protected":false},"excerpt":{"rendered":"<p>O HOMEM E A MORTE \u2013 Edgar Morin Tradu\u00e7\u00e3o de Jo\u00e3o Guerreiro Boto e Adelino dos Santos Rodrigues Ano de edi\u00e7\u00e3o: 1970 Editor: Europa-Am\u00e9rica Idioma: Portugu\u00eas Dimens\u00f5es: 14 x 1.5 x 20.5 Encaderna\u00e7\u00e3o: capa mole P\u00e1ginas: 327<\/p>\n","protected":false},"featured_media":4422,"comment_status":"open","ping_status":"closed","template":"","meta":{"om_disable_all_campaigns":false,"_monsterinsights_skip_tracking":false,"_monsterinsights_sitenote_active":false,"_monsterinsights_sitenote_note":"","_monsterinsights_sitenote_category":0,"_uf_show_specific_survey":0,"_uf_disable_surveys":false},"product_cat":[31,33,29],"product_tag":[],"aioseo_notices":[],"jetpack_sharing_enabled":true,"_links":{"self":[{"href":"https:\/\/casadolivreiro.pt\/index.php\/wp-json\/wp\/v2\/product\/4421"}],"collection":[{"href":"https:\/\/casadolivreiro.pt\/index.php\/wp-json\/wp\/v2\/product"}],"about":[{"href":"https:\/\/casadolivreiro.pt\/index.php\/wp-json\/wp\/v2\/types\/product"}],"replies":[{"embeddable":true,"href":"https:\/\/casadolivreiro.pt\/index.php\/wp-json\/wp\/v2\/comments?post=4421"}],"wp:featuredmedia":[{"embeddable":true,"href":"https:\/\/casadolivreiro.pt\/index.php\/wp-json\/wp\/v2\/media\/4422"}],"wp:attachment":[{"href":"https:\/\/casadolivreiro.pt\/index.php\/wp-json\/wp\/v2\/media?parent=4421"}],"wp:term":[{"taxonomy":"product_cat","embeddable":true,"href":"https:\/\/casadolivreiro.pt\/index.php\/wp-json\/wp\/v2\/product_cat?post=4421"},{"taxonomy":"product_tag","embeddable":true,"href":"https:\/\/casadolivreiro.pt\/index.php\/wp-json\/wp\/v2\/product_tag?post=4421"}],"curies":[{"name":"wp","href":"https:\/\/api.w.org\/{rel}","templated":true}]}}