{"id":442,"date":"2024-03-13T12:07:15","date_gmt":"2024-03-13T12:07:15","guid":{"rendered":"https:\/\/casadolivreiro.pt\/?post_type=product&#038;p=442"},"modified":"2024-03-13T12:07:15","modified_gmt":"2024-03-13T12:07:15","slug":"e-marketing-um-guia-para-a-nova-economia-joaquim-hortinha","status":"publish","type":"product","link":"https:\/\/casadolivreiro.pt\/index.php\/product\/e-marketing-um-guia-para-a-nova-economia-joaquim-hortinha\/","title":{"rendered":"E-MARKETING: UM GUIA PARA A NOVA ECONOMIA &#8211; Joaquim Hortinha"},"content":{"rendered":"<p>E-MARKETING: UM GUIA PARA A NOVA ECONOMIA<br \/>\nJoaquim Hortinha<br \/>\nISBN: 972-618-214-X<br \/>\nEditor: Silabo Lda. Lisboa<br \/>\nData de Lan\u00e7amento: 2001<br \/>\nIdioma:\u00a0 Portugu\u00eas<br \/>\nDimens\u00f5es: 16.8 x 1.5 x 23.8 cm<br \/>\nEncaderna\u00e7\u00e3o: Capa mole<br \/>\nP\u00e1ginas: 288<\/p>\n<p>O primeiro livro em portugu\u00eas sobre Marketing Digital: e-Marketing Um Guia para a a Nova Economia.<\/p>\n<p>Posicionando-se como um guia para a utiliza\u00e7\u00e3o da Internet e dos novos meios digitais, como suporte \u00e0s actividades de marketing das empresas, a obra fornece toda a informa\u00e7\u00e3o necess\u00e1ria \u00e0 compreens\u00e3o do mundo dos neg\u00f3cios da nova economia, para que todos os que estudam ou trabalham nesta \u00e1rea possam maximizar o sucesso das estrat\u00e9gias desenvolvidas.<\/p>\n<p>Para enriquecer o conte\u00fado da obra, no final de cada um dos quinze cap\u00edtulos, s\u00e3o apresentadas perspectivas pr\u00e1ticas, escritas pelos seguintes profissionais ligados \u00e0 Nova Economia:<br \/>\nMANUEL GOMES MOTA<br \/>\nDirector da Arthur D. Little<br \/>\nJOS\u00c9 LUIZ MOUTINHO<br \/>\nAdministrador da Tinta Invis\u00edvel<br \/>\nAN\u00cdBAL PIRES<br \/>\nDir. Ger. da Ibermarketing e Prof. da Univ. Cat\u00f3lica Portug.\u00aa<br \/>\nMANUEL COSTA<br \/>\nDir. de Marketing do Grupo Portugalmail<br \/>\nEDUARDO CORREIA<br \/>\nDir. da P\u00f3s-Gradua\u00e7\u00e3o em Gest@o.com do INDEG\/ISCTE<br \/>\nJO\u00c3O VENTURA<br \/>\nInternet Product Manager da ONIWEB<br \/>\nALEXANDRA LEMOS<br \/>\nCoordenadora de Publicidade do Clix<br \/>\nM\u00c1RIO RUI SANTOS<br \/>\nDirector Geral da 27\/7 de Portugal<br \/>\nPEDRO ANDRADE<br \/>\nBrand Media Director da The Media Edge<br \/>\nPEDRO VALIDO<br \/>\nCountry Manager da iBazar Portugal<br \/>\nPEDRO MATEUS<br \/>\nWeb Developement Manager da ONIWEB<br \/>\nBERNARDO S\u00c1 NOGUEIRA<br \/>\nDirector Comercial do Clix<br \/>\nM\u00c1RIO VALENTE<br \/>\nDirector T\u00e9cnico da Ru\u00eddo Visual Tecnolog. de Informa\u00e7\u00e3o<br \/>\nCARLOS PORF\u00cdRIO<br \/>\nManaging Director da Fidelizarte<br \/>\nJORGE LANDEIRO VAZ<br \/>\nDir. da P\u00f3s-Gradua\u00e7\u00e3o em e-Bussiness do INDEFE\/ISEG<\/p>\n","protected":false},"excerpt":{"rendered":"<p>E-MARKETING: UM GUIA PARA A NOVA ECONOMIA Joaquim Hortinha ISBN: 972-618-214-X Editor: Silabo Lda. Lisboa Data de Lan\u00e7amento: 2001 Idioma:\u00a0 Portugu\u00eas Dimens\u00f5es: 16.8 x 1.5 x 23.8 cm Encaderna\u00e7\u00e3o: Capa mole P\u00e1ginas: 288 O primeiro livro em portugu\u00eas sobre Marketing Digital: e-Marketing Um Guia para a a Nova Economia. Posicionando-se como um guia para a [&hellip;]<\/p>\n","protected":false},"featured_media":443,"comment_status":"open","ping_status":"closed","template":"","meta":{"om_disable_all_campaigns":false,"_monsterinsights_skip_tracking":false,"_monsterinsights_sitenote_active":false,"_monsterinsights_sitenote_note":"","_monsterinsights_sitenote_category":0,"_uf_show_specific_survey":0,"_uf_disable_surveys":false},"product_cat":[63],"product_tag":[],"aioseo_notices":[],"jetpack_sharing_enabled":true,"_links":{"self":[{"href":"https:\/\/casadolivreiro.pt\/index.php\/wp-json\/wp\/v2\/product\/442"}],"collection":[{"href":"https:\/\/casadolivreiro.pt\/index.php\/wp-json\/wp\/v2\/product"}],"about":[{"href":"https:\/\/casadolivreiro.pt\/index.php\/wp-json\/wp\/v2\/types\/product"}],"replies":[{"embeddable":true,"href":"https:\/\/casadolivreiro.pt\/index.php\/wp-json\/wp\/v2\/comments?post=442"}],"wp:featuredmedia":[{"embeddable":true,"href":"https:\/\/casadolivreiro.pt\/index.php\/wp-json\/wp\/v2\/media\/443"}],"wp:attachment":[{"href":"https:\/\/casadolivreiro.pt\/index.php\/wp-json\/wp\/v2\/media?parent=442"}],"wp:term":[{"taxonomy":"product_cat","embeddable":true,"href":"https:\/\/casadolivreiro.pt\/index.php\/wp-json\/wp\/v2\/product_cat?post=442"},{"taxonomy":"product_tag","embeddable":true,"href":"https:\/\/casadolivreiro.pt\/index.php\/wp-json\/wp\/v2\/product_tag?post=442"}],"curies":[{"name":"wp","href":"https:\/\/api.w.org\/{rel}","templated":true}]}}