{"id":4410,"date":"2025-04-11T16:55:16","date_gmt":"2025-04-11T16:55:16","guid":{"rendered":"https:\/\/casadolivreiro.pt\/?post_type=product&#038;p=4410"},"modified":"2025-04-11T16:55:17","modified_gmt":"2025-04-11T16:55:17","slug":"fatima-nos-caminhos-do-homem-alberto-cosme-do-amaral","status":"publish","type":"product","link":"https:\/\/casadolivreiro.pt\/index.php\/product\/fatima-nos-caminhos-do-homem-alberto-cosme-do-amaral\/","title":{"rendered":"F\u00c1TIMA NOS CAMINHOS DO HOMEM \u2013 Alberto Cosme do Amaral"},"content":{"rendered":"<p>F\u00c1TIMA NOS CAMINHOS DO HOMEM \u2013 Alberto Cosme do Amaral<\/p>\n<p>Ano de edi\u00e7\u00e3o: 1973<\/p>\n<p>Editor: Documento Pastoral<\/p>\n<p>Idioma: Portugu\u00eas<\/p>\n<p>Dimens\u00f5es: 13.5 x 0.5 x 21.3<\/p>\n<p>Encaderna\u00e7\u00e3o: capa mole<\/p>\n<p>P\u00e1ginas: 71<\/p>\n","protected":false},"excerpt":{"rendered":"<p>F\u00c1TIMA NOS CAMINHOS DO HOMEM \u2013 Alberto Cosme do Amaral Ano de edi\u00e7\u00e3o: 1973 Editor: Documento Pastoral Idioma: Portugu\u00eas Dimens\u00f5es: 13.5 x 0.5 x 21.3 Encaderna\u00e7\u00e3o: capa mole P\u00e1ginas: 71<\/p>\n","protected":false},"featured_media":4411,"comment_status":"open","ping_status":"closed","template":"","meta":{"om_disable_all_campaigns":false,"_monsterinsights_skip_tracking":false,"_monsterinsights_sitenote_active":false,"_monsterinsights_sitenote_note":"","_monsterinsights_sitenote_category":0,"_uf_show_specific_survey":0,"_uf_disable_surveys":false},"product_cat":[33],"product_tag":[],"aioseo_notices":[],"jetpack_sharing_enabled":true,"_links":{"self":[{"href":"https:\/\/casadolivreiro.pt\/index.php\/wp-json\/wp\/v2\/product\/4410"}],"collection":[{"href":"https:\/\/casadolivreiro.pt\/index.php\/wp-json\/wp\/v2\/product"}],"about":[{"href":"https:\/\/casadolivreiro.pt\/index.php\/wp-json\/wp\/v2\/types\/product"}],"replies":[{"embeddable":true,"href":"https:\/\/casadolivreiro.pt\/index.php\/wp-json\/wp\/v2\/comments?post=4410"}],"wp:featuredmedia":[{"embeddable":true,"href":"https:\/\/casadolivreiro.pt\/index.php\/wp-json\/wp\/v2\/media\/4411"}],"wp:attachment":[{"href":"https:\/\/casadolivreiro.pt\/index.php\/wp-json\/wp\/v2\/media?parent=4410"}],"wp:term":[{"taxonomy":"product_cat","embeddable":true,"href":"https:\/\/casadolivreiro.pt\/index.php\/wp-json\/wp\/v2\/product_cat?post=4410"},{"taxonomy":"product_tag","embeddable":true,"href":"https:\/\/casadolivreiro.pt\/index.php\/wp-json\/wp\/v2\/product_tag?post=4410"}],"curies":[{"name":"wp","href":"https:\/\/api.w.org\/{rel}","templated":true}]}}