{"id":4405,"date":"2025-04-11T16:37:39","date_gmt":"2025-04-11T16:37:39","guid":{"rendered":"https:\/\/casadolivreiro.pt\/?post_type=product&#038;p=4405"},"modified":"2025-04-11T16:37:39","modified_gmt":"2025-04-11T16:37:39","slug":"nao-tenham-medo-dialogo-com-joao-paulo-ii-andre-frossard","status":"publish","type":"product","link":"https:\/\/casadolivreiro.pt\/index.php\/product\/nao-tenham-medo-dialogo-com-joao-paulo-ii-andre-frossard\/","title":{"rendered":"\u201cN\u00c3O TENHAM MEDO!\u201d di\u00e1logo com Jo\u00e3o Paulo II \u2013 Andr\u00e9 Frossard"},"content":{"rendered":"<p>\u201cN\u00c3O TENHAM MEDO!\u201d di\u00e1logo com Jo\u00e3o Paulo II \u2013 Andr\u00e9 Frossard<\/p>\n<p>Tradu\u00e7\u00e3o de M. de Campos<\/p>\n<p>Ano de edi\u00e7\u00e3o:<\/p>\n<p>Editor: Europa-Am\u00e9rica<\/p>\n<p>Idioma: Portugu\u00eas<\/p>\n<p>Dimens\u00f5es: 13.6 x 1.8 x 20.8<\/p>\n<p>Encaderna\u00e7\u00e3o: capa mole<\/p>\n<p>P\u00e1ginas: 239<\/p>\n","protected":false},"excerpt":{"rendered":"<p>\u201cN\u00c3O TENHAM MEDO!\u201d di\u00e1logo com Jo\u00e3o Paulo II \u2013 Andr\u00e9 Frossard Tradu\u00e7\u00e3o de M. de Campos Ano de edi\u00e7\u00e3o: Editor: Europa-Am\u00e9rica Idioma: Portugu\u00eas Dimens\u00f5es: 13.6 x 1.8 x 20.8 Encaderna\u00e7\u00e3o: capa mole P\u00e1ginas: 239<\/p>\n","protected":false},"featured_media":4407,"comment_status":"open","ping_status":"closed","template":"","meta":{"om_disable_all_campaigns":false,"_monsterinsights_skip_tracking":false,"_monsterinsights_sitenote_active":false,"_monsterinsights_sitenote_note":"","_monsterinsights_sitenote_category":0,"_uf_show_specific_survey":0,"_uf_disable_surveys":false},"product_cat":[33],"product_tag":[],"aioseo_notices":[],"jetpack_sharing_enabled":true,"_links":{"self":[{"href":"https:\/\/casadolivreiro.pt\/index.php\/wp-json\/wp\/v2\/product\/4405"}],"collection":[{"href":"https:\/\/casadolivreiro.pt\/index.php\/wp-json\/wp\/v2\/product"}],"about":[{"href":"https:\/\/casadolivreiro.pt\/index.php\/wp-json\/wp\/v2\/types\/product"}],"replies":[{"embeddable":true,"href":"https:\/\/casadolivreiro.pt\/index.php\/wp-json\/wp\/v2\/comments?post=4405"}],"wp:featuredmedia":[{"embeddable":true,"href":"https:\/\/casadolivreiro.pt\/index.php\/wp-json\/wp\/v2\/media\/4407"}],"wp:attachment":[{"href":"https:\/\/casadolivreiro.pt\/index.php\/wp-json\/wp\/v2\/media?parent=4405"}],"wp:term":[{"taxonomy":"product_cat","embeddable":true,"href":"https:\/\/casadolivreiro.pt\/index.php\/wp-json\/wp\/v2\/product_cat?post=4405"},{"taxonomy":"product_tag","embeddable":true,"href":"https:\/\/casadolivreiro.pt\/index.php\/wp-json\/wp\/v2\/product_tag?post=4405"}],"curies":[{"name":"wp","href":"https:\/\/api.w.org\/{rel}","templated":true}]}}