{"id":4401,"date":"2025-04-11T16:20:51","date_gmt":"2025-04-11T16:20:51","guid":{"rendered":"https:\/\/casadolivreiro.pt\/?post_type=product&#038;p=4401"},"modified":"2025-04-11T16:20:52","modified_gmt":"2025-04-11T16:20:52","slug":"como-ler-a-aura-seu-carater-e-funcao-no-cotidiano-w-e-butler","status":"publish","type":"product","link":"https:\/\/casadolivreiro.pt\/index.php\/product\/como-ler-a-aura-seu-carater-e-funcao-no-cotidiano-w-e-butler\/","title":{"rendered":"COMO LER A AURA: Seu car\u00e1ter e fun\u00e7\u00e3o no cotidiano \u2013 W.E. Butler"},"content":{"rendered":"<p>COMO LER A AURA: Seu car\u00e1ter e fun\u00e7\u00e3o no cotidiano \u2013 W.E. Butler<\/p>\n<p>Tradu\u00e7\u00e3o de S\u00edlvia Branco Sarzana<\/p>\n<p>Ano de edi\u00e7\u00e3o: 1983<\/p>\n<p>Editor: Hemus Editora<\/p>\n<p>Idioma: Portugu\u00eas<\/p>\n<p>Dimens\u00f5es: 13.5 x 0.6 x 21<\/p>\n<p>Encaderna\u00e7\u00e3o: capa mole<\/p>\n<p>P\u00e1ginas: 61<\/p>\n","protected":false},"excerpt":{"rendered":"<p>COMO LER A AURA: Seu car\u00e1ter e fun\u00e7\u00e3o no cotidiano \u2013 W.E. Butler Tradu\u00e7\u00e3o de S\u00edlvia Branco Sarzana Ano de edi\u00e7\u00e3o: 1983 Editor: Hemus Editora Idioma: Portugu\u00eas Dimens\u00f5es: 13.5 x 0.6 x 21 Encaderna\u00e7\u00e3o: capa mole P\u00e1ginas: 61<\/p>\n","protected":false},"featured_media":4402,"comment_status":"open","ping_status":"closed","template":"","meta":{"om_disable_all_campaigns":false,"_monsterinsights_skip_tracking":false,"_monsterinsights_sitenote_active":false,"_monsterinsights_sitenote_note":"","_monsterinsights_sitenote_category":0,"_uf_show_specific_survey":0,"_uf_disable_surveys":false},"product_cat":[33],"product_tag":[],"aioseo_notices":[],"jetpack_sharing_enabled":true,"_links":{"self":[{"href":"https:\/\/casadolivreiro.pt\/index.php\/wp-json\/wp\/v2\/product\/4401"}],"collection":[{"href":"https:\/\/casadolivreiro.pt\/index.php\/wp-json\/wp\/v2\/product"}],"about":[{"href":"https:\/\/casadolivreiro.pt\/index.php\/wp-json\/wp\/v2\/types\/product"}],"replies":[{"embeddable":true,"href":"https:\/\/casadolivreiro.pt\/index.php\/wp-json\/wp\/v2\/comments?post=4401"}],"wp:featuredmedia":[{"embeddable":true,"href":"https:\/\/casadolivreiro.pt\/index.php\/wp-json\/wp\/v2\/media\/4402"}],"wp:attachment":[{"href":"https:\/\/casadolivreiro.pt\/index.php\/wp-json\/wp\/v2\/media?parent=4401"}],"wp:term":[{"taxonomy":"product_cat","embeddable":true,"href":"https:\/\/casadolivreiro.pt\/index.php\/wp-json\/wp\/v2\/product_cat?post=4401"},{"taxonomy":"product_tag","embeddable":true,"href":"https:\/\/casadolivreiro.pt\/index.php\/wp-json\/wp\/v2\/product_tag?post=4401"}],"curies":[{"name":"wp","href":"https:\/\/api.w.org\/{rel}","templated":true}]}}