{"id":4399,"date":"2025-04-11T16:15:03","date_gmt":"2025-04-11T16:15:03","guid":{"rendered":"https:\/\/casadolivreiro.pt\/?post_type=product&#038;p=4399"},"modified":"2025-04-11T16:15:03","modified_gmt":"2025-04-11T16:15:03","slug":"a-malinche-laura-esquivel","status":"publish","type":"product","link":"https:\/\/casadolivreiro.pt\/index.php\/product\/a-malinche-laura-esquivel\/","title":{"rendered":"A MALINCHE \u2013 Laura Esquivel"},"content":{"rendered":"<p>A MALINCHE \u2013 Laura Esquivel<\/p>\n<p>Tradu\u00e7\u00e3o de Helena Pitta<\/p>\n<p>Biblioteca S\u00e1bado<\/p>\n<p>Ano de edi\u00e7\u00e3o: 2009<\/p>\n<p>Editor: ASA<\/p>\n<p>Idioma: Portugu\u00eas<\/p>\n<p>Dimens\u00f5es: 14 x 1.1 x 21.5<\/p>\n<p>Encaderna\u00e7\u00e3o: capa mole<\/p>\n<p>P\u00e1ginas: 159<\/p>\n","protected":false},"excerpt":{"rendered":"<p>A MALINCHE \u2013 Laura Esquivel Tradu\u00e7\u00e3o de Helena Pitta Biblioteca S\u00e1bado Ano de edi\u00e7\u00e3o: 2009 Editor: ASA Idioma: Portugu\u00eas Dimens\u00f5es: 14 x 1.1 x 21.5 Encaderna\u00e7\u00e3o: capa mole P\u00e1ginas: 159<\/p>\n","protected":false},"featured_media":4400,"comment_status":"open","ping_status":"closed","template":"","meta":{"om_disable_all_campaigns":false,"_monsterinsights_skip_tracking":false,"_monsterinsights_sitenote_active":false,"_monsterinsights_sitenote_note":"","_monsterinsights_sitenote_category":0,"_uf_show_specific_survey":0,"_uf_disable_surveys":false},"product_cat":[34,26],"product_tag":[],"aioseo_notices":[],"jetpack_sharing_enabled":true,"_links":{"self":[{"href":"https:\/\/casadolivreiro.pt\/index.php\/wp-json\/wp\/v2\/product\/4399"}],"collection":[{"href":"https:\/\/casadolivreiro.pt\/index.php\/wp-json\/wp\/v2\/product"}],"about":[{"href":"https:\/\/casadolivreiro.pt\/index.php\/wp-json\/wp\/v2\/types\/product"}],"replies":[{"embeddable":true,"href":"https:\/\/casadolivreiro.pt\/index.php\/wp-json\/wp\/v2\/comments?post=4399"}],"wp:featuredmedia":[{"embeddable":true,"href":"https:\/\/casadolivreiro.pt\/index.php\/wp-json\/wp\/v2\/media\/4400"}],"wp:attachment":[{"href":"https:\/\/casadolivreiro.pt\/index.php\/wp-json\/wp\/v2\/media?parent=4399"}],"wp:term":[{"taxonomy":"product_cat","embeddable":true,"href":"https:\/\/casadolivreiro.pt\/index.php\/wp-json\/wp\/v2\/product_cat?post=4399"},{"taxonomy":"product_tag","embeddable":true,"href":"https:\/\/casadolivreiro.pt\/index.php\/wp-json\/wp\/v2\/product_tag?post=4399"}],"curies":[{"name":"wp","href":"https:\/\/api.w.org\/{rel}","templated":true}]}}