{"id":4397,"date":"2025-04-11T16:08:07","date_gmt":"2025-04-11T16:08:07","guid":{"rendered":"https:\/\/casadolivreiro.pt\/?post_type=product&#038;p=4397"},"modified":"2026-01-11T14:35:02","modified_gmt":"2026-01-11T14:35:02","slug":"nao-ha-longe-nem-distancia-richard-bach","status":"publish","type":"product","link":"https:\/\/casadolivreiro.pt\/index.php\/product\/nao-ha-longe-nem-distancia-richard-bach\/","title":{"rendered":"N\u00c3O H\u00c1  LONGE NEM DIST\u00c2NCIA \u2013 Richard Bach"},"content":{"rendered":"<p>N\u00c3O H\u00c1 \u00a0LONGE NEM DIST\u00c2NCIA \u2013 Richard Bach<\/p>\n<p>Tradu\u00e7\u00e3o de Maria Lu\u00edsa Ferreira da Costa<\/p>\n<p>Ano de edi\u00e7\u00e3o: 1979<\/p>\n<p>Editor: Europa-Am\u00e9rica<\/p>\n<p>Idioma: Portugu\u00eas<\/p>\n<p>Dimens\u00f5es: 16 x 0.4 x 21.5<\/p>\n<p>Encaderna\u00e7\u00e3o: capa mole<\/p>\n<p>P\u00e1ginas: 42<\/p>\n","protected":false},"excerpt":{"rendered":"<p>N\u00c3O H\u00c1 \u00a0LONGE NEM DIST\u00c2NCIA \u2013 Richard Bach Tradu\u00e7\u00e3o de Maria Lu\u00edsa Ferreira da Costa Ano de edi\u00e7\u00e3o: 1979 Editor: Europa-Am\u00e9rica Idioma: Portugu\u00eas Dimens\u00f5es: 16 x 0.4 x 21.5 Encaderna\u00e7\u00e3o: capa mole P\u00e1ginas: 42<\/p>\n","protected":false},"featured_media":4398,"comment_status":"open","ping_status":"closed","template":"","meta":{"om_disable_all_campaigns":false,"_monsterinsights_skip_tracking":false,"_monsterinsights_sitenote_active":false,"_monsterinsights_sitenote_note":"","_monsterinsights_sitenote_category":0,"_uf_show_specific_survey":0,"_uf_disable_surveys":false},"product_cat":[33,27],"product_tag":[],"aioseo_notices":[],"jetpack_sharing_enabled":true,"_links":{"self":[{"href":"https:\/\/casadolivreiro.pt\/index.php\/wp-json\/wp\/v2\/product\/4397"}],"collection":[{"href":"https:\/\/casadolivreiro.pt\/index.php\/wp-json\/wp\/v2\/product"}],"about":[{"href":"https:\/\/casadolivreiro.pt\/index.php\/wp-json\/wp\/v2\/types\/product"}],"replies":[{"embeddable":true,"href":"https:\/\/casadolivreiro.pt\/index.php\/wp-json\/wp\/v2\/comments?post=4397"}],"wp:featuredmedia":[{"embeddable":true,"href":"https:\/\/casadolivreiro.pt\/index.php\/wp-json\/wp\/v2\/media\/4398"}],"wp:attachment":[{"href":"https:\/\/casadolivreiro.pt\/index.php\/wp-json\/wp\/v2\/media?parent=4397"}],"wp:term":[{"taxonomy":"product_cat","embeddable":true,"href":"https:\/\/casadolivreiro.pt\/index.php\/wp-json\/wp\/v2\/product_cat?post=4397"},{"taxonomy":"product_tag","embeddable":true,"href":"https:\/\/casadolivreiro.pt\/index.php\/wp-json\/wp\/v2\/product_tag?post=4397"}],"curies":[{"name":"wp","href":"https:\/\/api.w.org\/{rel}","templated":true}]}}