{"id":4388,"date":"2025-04-11T14:36:33","date_gmt":"2025-04-11T14:36:33","guid":{"rendered":"https:\/\/casadolivreiro.pt\/?post_type=product&#038;p=4388"},"modified":"2025-04-11T14:36:33","modified_gmt":"2025-04-11T14:36:33","slug":"dicionario-de-astrologia-michele-curcio","status":"publish","type":"product","link":"https:\/\/casadolivreiro.pt\/index.php\/product\/dicionario-de-astrologia-michele-curcio\/","title":{"rendered":"DICION\u00c1RIO DE ASTROLOGIA \u2013 Mich\u00e8le Curcio"},"content":{"rendered":"<p>DICION\u00c1RIO DE ASTROLOGIA \u2013 Mich\u00e8le Curcio<\/p>\n<p>Tradu\u00e7\u00e3o de M\u00e1rio Gomes Filipe<\/p>\n<p>Ano de edi\u00e7\u00e3o: 1978, 1.\u00aa edi\u00e7\u00e3o<\/p>\n<p>Editor: Circulo de Leitores<\/p>\n<p>Idioma: Portugu\u00eas<\/p>\n<p>Dimens\u00f5es: 15 x 2 x 20.3<\/p>\n<p>Encaderna\u00e7\u00e3o: capa dura<\/p>\n<p>P\u00e1ginas: 286<\/p>\n","protected":false},"excerpt":{"rendered":"<p>DICION\u00c1RIO DE ASTROLOGIA \u2013 Mich\u00e8le Curcio Tradu\u00e7\u00e3o de M\u00e1rio Gomes Filipe Ano de edi\u00e7\u00e3o: 1978, 1.\u00aa edi\u00e7\u00e3o Editor: Circulo de Leitores Idioma: Portugu\u00eas Dimens\u00f5es: 15 x 2 x 20.3 Encaderna\u00e7\u00e3o: capa dura P\u00e1ginas: 286<\/p>\n","protected":false},"featured_media":4389,"comment_status":"open","ping_status":"closed","template":"","meta":{"om_disable_all_campaigns":false,"_monsterinsights_skip_tracking":false,"_monsterinsights_sitenote_active":false,"_monsterinsights_sitenote_note":"","_monsterinsights_sitenote_category":0,"_uf_show_specific_survey":0,"_uf_disable_surveys":false},"product_cat":[33],"product_tag":[],"aioseo_notices":[],"jetpack_sharing_enabled":true,"_links":{"self":[{"href":"https:\/\/casadolivreiro.pt\/index.php\/wp-json\/wp\/v2\/product\/4388"}],"collection":[{"href":"https:\/\/casadolivreiro.pt\/index.php\/wp-json\/wp\/v2\/product"}],"about":[{"href":"https:\/\/casadolivreiro.pt\/index.php\/wp-json\/wp\/v2\/types\/product"}],"replies":[{"embeddable":true,"href":"https:\/\/casadolivreiro.pt\/index.php\/wp-json\/wp\/v2\/comments?post=4388"}],"wp:featuredmedia":[{"embeddable":true,"href":"https:\/\/casadolivreiro.pt\/index.php\/wp-json\/wp\/v2\/media\/4389"}],"wp:attachment":[{"href":"https:\/\/casadolivreiro.pt\/index.php\/wp-json\/wp\/v2\/media?parent=4388"}],"wp:term":[{"taxonomy":"product_cat","embeddable":true,"href":"https:\/\/casadolivreiro.pt\/index.php\/wp-json\/wp\/v2\/product_cat?post=4388"},{"taxonomy":"product_tag","embeddable":true,"href":"https:\/\/casadolivreiro.pt\/index.php\/wp-json\/wp\/v2\/product_tag?post=4388"}],"curies":[{"name":"wp","href":"https:\/\/api.w.org\/{rel}","templated":true}]}}