{"id":4384,"date":"2025-04-11T14:15:20","date_gmt":"2025-04-11T14:15:20","guid":{"rendered":"https:\/\/casadolivreiro.pt\/?post_type=product&#038;p=4384"},"modified":"2025-04-11T14:15:20","modified_gmt":"2025-04-11T14:15:20","slug":"por-favor-explica-me-quem-e-o-teu-deus-o-deus-biblico-manuel-nunes","status":"publish","type":"product","link":"https:\/\/casadolivreiro.pt\/index.php\/product\/por-favor-explica-me-quem-e-o-teu-deus-o-deus-biblico-manuel-nunes\/","title":{"rendered":"POR FAVOR, EXPLICA-ME QUEM \u00c9 O TEU DEUS\u2026 (o Deus B\u00edblico) \u2013 Manuel Nunes"},"content":{"rendered":"<p>POR FAVOR, EXPLICA-ME QUEM \u00c9 O TEU DEUS\u2026 (o Deus B\u00edblico) \u2013 Manuel Nunes<\/p>\n<p>Ano de edi\u00e7\u00e3o: 2003<\/p>\n<p>Editor: Difusora B\u00edblica, Lisboa.<\/p>\n<p>Idioma: Portugu\u00eas<\/p>\n<p>Dimens\u00f5es: 14.5 x 1.1 x 21<\/p>\n<p>Encaderna\u00e7\u00e3o: capa mole<\/p>\n<p>P\u00e1ginas: 195<\/p>\n","protected":false},"excerpt":{"rendered":"<p>POR FAVOR, EXPLICA-ME QUEM \u00c9 O TEU DEUS\u2026 (o Deus B\u00edblico) \u2013 Manuel Nunes Ano de edi\u00e7\u00e3o: 2003 Editor: Difusora B\u00edblica, Lisboa. Idioma: Portugu\u00eas Dimens\u00f5es: 14.5 x 1.1 x 21 Encaderna\u00e7\u00e3o: capa mole P\u00e1ginas: 195<\/p>\n","protected":false},"featured_media":4385,"comment_status":"open","ping_status":"closed","template":"","meta":{"om_disable_all_campaigns":false,"_monsterinsights_skip_tracking":false,"_monsterinsights_sitenote_active":false,"_monsterinsights_sitenote_note":"","_monsterinsights_sitenote_category":0,"_uf_show_specific_survey":0,"_uf_disable_surveys":false},"product_cat":[33],"product_tag":[],"aioseo_notices":[],"jetpack_sharing_enabled":true,"_links":{"self":[{"href":"https:\/\/casadolivreiro.pt\/index.php\/wp-json\/wp\/v2\/product\/4384"}],"collection":[{"href":"https:\/\/casadolivreiro.pt\/index.php\/wp-json\/wp\/v2\/product"}],"about":[{"href":"https:\/\/casadolivreiro.pt\/index.php\/wp-json\/wp\/v2\/types\/product"}],"replies":[{"embeddable":true,"href":"https:\/\/casadolivreiro.pt\/index.php\/wp-json\/wp\/v2\/comments?post=4384"}],"wp:featuredmedia":[{"embeddable":true,"href":"https:\/\/casadolivreiro.pt\/index.php\/wp-json\/wp\/v2\/media\/4385"}],"wp:attachment":[{"href":"https:\/\/casadolivreiro.pt\/index.php\/wp-json\/wp\/v2\/media?parent=4384"}],"wp:term":[{"taxonomy":"product_cat","embeddable":true,"href":"https:\/\/casadolivreiro.pt\/index.php\/wp-json\/wp\/v2\/product_cat?post=4384"},{"taxonomy":"product_tag","embeddable":true,"href":"https:\/\/casadolivreiro.pt\/index.php\/wp-json\/wp\/v2\/product_tag?post=4384"}],"curies":[{"name":"wp","href":"https:\/\/api.w.org\/{rel}","templated":true}]}}