{"id":4380,"date":"2025-04-11T12:44:27","date_gmt":"2025-04-11T12:44:27","guid":{"rendered":"https:\/\/casadolivreiro.pt\/?post_type=product&#038;p=4380"},"modified":"2025-04-11T12:44:27","modified_gmt":"2025-04-11T12:44:27","slug":"os-caminhos-cruzados-da-consciencia-conversas-com-o-dalai-lama-sobre-ciencia-do-cerebro-e-budismo-antonio-damasio","status":"publish","type":"product","link":"https:\/\/casadolivreiro.pt\/index.php\/product\/os-caminhos-cruzados-da-consciencia-conversas-com-o-dalai-lama-sobre-ciencia-do-cerebro-e-budismo-antonio-damasio\/","title":{"rendered":"OS CAMINHOS CRUZADOS DA CONSCI\u00caNCIA: Conversas com o Dalai Lama sobre ci\u00eancia do c\u00e9rebro e Budismo \u2013 Ant\u00f3nio Dam\u00e1sio"},"content":{"rendered":"<p>OS CAMINHOS CRUZADOS DA CONSCI\u00caNCIA: Conversas com o Dalai Lama sobre ci\u00eancia do c\u00e9rebro e Budismo \u2013 Ant\u00f3nio Dam\u00e1sio<\/p>\n<p>Tradu\u00e7\u00e3o de\u00a0 Filipe Valente\u00a0 Rocha<\/p>\n<p>Ano de edi\u00e7\u00e3o: 2001, 1.\u00aa edi\u00e7\u00e3o<\/p>\n<p>Editor: ASA<\/p>\n<p>Idioma: Portugu\u00eas<\/p>\n<p>Dimens\u00f5es: 16.5 x 1.1 x 23.5<\/p>\n<p>Encaderna\u00e7\u00e3o: capa mole<\/p>\n<p>P\u00e1ginas: 175<\/p>\n","protected":false},"excerpt":{"rendered":"<p>OS CAMINHOS CRUZADOS DA CONSCI\u00caNCIA: Conversas com o Dalai Lama sobre ci\u00eancia do c\u00e9rebro e Budismo \u2013 Ant\u00f3nio Dam\u00e1sio Tradu\u00e7\u00e3o de\u00a0 Filipe Valente\u00a0 Rocha Ano de edi\u00e7\u00e3o: 2001, 1.\u00aa edi\u00e7\u00e3o Editor: ASA Idioma: Portugu\u00eas Dimens\u00f5es: 16.5 x 1.1 x 23.5 Encaderna\u00e7\u00e3o: capa mole P\u00e1ginas: 175<\/p>\n","protected":false},"featured_media":4381,"comment_status":"open","ping_status":"closed","template":"","meta":{"om_disable_all_campaigns":false,"_monsterinsights_skip_tracking":false,"_monsterinsights_sitenote_active":false,"_monsterinsights_sitenote_note":"","_monsterinsights_sitenote_category":0,"_uf_show_specific_survey":0,"_uf_disable_surveys":false},"product_cat":[33],"product_tag":[],"aioseo_notices":[],"jetpack_sharing_enabled":true,"_links":{"self":[{"href":"https:\/\/casadolivreiro.pt\/index.php\/wp-json\/wp\/v2\/product\/4380"}],"collection":[{"href":"https:\/\/casadolivreiro.pt\/index.php\/wp-json\/wp\/v2\/product"}],"about":[{"href":"https:\/\/casadolivreiro.pt\/index.php\/wp-json\/wp\/v2\/types\/product"}],"replies":[{"embeddable":true,"href":"https:\/\/casadolivreiro.pt\/index.php\/wp-json\/wp\/v2\/comments?post=4380"}],"wp:featuredmedia":[{"embeddable":true,"href":"https:\/\/casadolivreiro.pt\/index.php\/wp-json\/wp\/v2\/media\/4381"}],"wp:attachment":[{"href":"https:\/\/casadolivreiro.pt\/index.php\/wp-json\/wp\/v2\/media?parent=4380"}],"wp:term":[{"taxonomy":"product_cat","embeddable":true,"href":"https:\/\/casadolivreiro.pt\/index.php\/wp-json\/wp\/v2\/product_cat?post=4380"},{"taxonomy":"product_tag","embeddable":true,"href":"https:\/\/casadolivreiro.pt\/index.php\/wp-json\/wp\/v2\/product_tag?post=4380"}],"curies":[{"name":"wp","href":"https:\/\/api.w.org\/{rel}","templated":true}]}}