{"id":438,"date":"2024-03-11T22:07:41","date_gmt":"2024-03-11T22:07:41","guid":{"rendered":"https:\/\/casadolivreiro.pt\/?post_type=product&#038;p=438"},"modified":"2024-03-11T22:07:41","modified_gmt":"2024-03-11T22:07:41","slug":"dicionario-ilustrado-do-conhecimento-essencial","status":"publish","type":"product","link":"https:\/\/casadolivreiro.pt\/index.php\/product\/dicionario-ilustrado-do-conhecimento-essencial\/","title":{"rendered":"DICION\u00c1RIO ILUSTRADO DO CONHECIMENTO ESSENCIAL"},"content":{"rendered":"<p>DICION\u00c1RIO ILUSTRADO DO CONHECIMENTO ESSENCIAL<br \/>\n1.\u00aa Reimpress\u00e3o<br \/>\nISBN: 97-609-154-3<br \/>\nEditor: Selec\u00e7\u00f5es do Reader\u2019s Digest, SA , Lisbon<br \/>\nData de Lan\u00e7amento: 1998<br \/>\nIdioma:\u00a0 Portugu\u00eas<br \/>\nDimens\u00f5es: 21 x 4.4 x 28.5<br \/>\nEncaderna\u00e7\u00e3o: Capa dura<br \/>\nP\u00e1ginas: 604<\/p>\n<p>Ilustrado no texto com fotografias, pinturas e desenhos a cores e a preto e branco. Texto impresso a tr\u00eas colunas.<\/p>\n","protected":false},"excerpt":{"rendered":"<p>DICION\u00c1RIO ILUSTRADO DO CONHECIMENTO ESSENCIAL 1.\u00aa Reimpress\u00e3o ISBN: 97-609-154-3 Editor: Selec\u00e7\u00f5es do Reader\u2019s Digest, SA , Lisbon Data de Lan\u00e7amento: 1998 Idioma:\u00a0 Portugu\u00eas Dimens\u00f5es: 21 x 4.4 x 28.5 Encaderna\u00e7\u00e3o: Capa dura P\u00e1ginas: 604 Ilustrado no texto com fotografias, pinturas e desenhos a cores e a preto e branco. Texto impresso a tr\u00eas colunas.<\/p>\n","protected":false},"featured_media":439,"comment_status":"open","ping_status":"closed","template":"","meta":{"om_disable_all_campaigns":false,"_monsterinsights_skip_tracking":false,"_monsterinsights_sitenote_active":false,"_monsterinsights_sitenote_note":"","_monsterinsights_sitenote_category":0,"_uf_show_specific_survey":0,"_uf_disable_surveys":false},"product_cat":[46,47],"product_tag":[],"aioseo_notices":[],"jetpack_sharing_enabled":true,"_links":{"self":[{"href":"https:\/\/casadolivreiro.pt\/index.php\/wp-json\/wp\/v2\/product\/438"}],"collection":[{"href":"https:\/\/casadolivreiro.pt\/index.php\/wp-json\/wp\/v2\/product"}],"about":[{"href":"https:\/\/casadolivreiro.pt\/index.php\/wp-json\/wp\/v2\/types\/product"}],"replies":[{"embeddable":true,"href":"https:\/\/casadolivreiro.pt\/index.php\/wp-json\/wp\/v2\/comments?post=438"}],"wp:featuredmedia":[{"embeddable":true,"href":"https:\/\/casadolivreiro.pt\/index.php\/wp-json\/wp\/v2\/media\/439"}],"wp:attachment":[{"href":"https:\/\/casadolivreiro.pt\/index.php\/wp-json\/wp\/v2\/media?parent=438"}],"wp:term":[{"taxonomy":"product_cat","embeddable":true,"href":"https:\/\/casadolivreiro.pt\/index.php\/wp-json\/wp\/v2\/product_cat?post=438"},{"taxonomy":"product_tag","embeddable":true,"href":"https:\/\/casadolivreiro.pt\/index.php\/wp-json\/wp\/v2\/product_tag?post=438"}],"curies":[{"name":"wp","href":"https:\/\/api.w.org\/{rel}","templated":true}]}}