{"id":4377,"date":"2025-04-11T12:36:44","date_gmt":"2025-04-11T12:36:44","guid":{"rendered":"https:\/\/casadolivreiro.pt\/?post_type=product&#038;p=4377"},"modified":"2025-04-11T12:36:44","modified_gmt":"2025-04-11T12:36:44","slug":"sua-santidade-o-dalai-lama-respostas-o-pensamento-budista-no-ocidente","status":"publish","type":"product","link":"https:\/\/casadolivreiro.pt\/index.php\/product\/sua-santidade-o-dalai-lama-respostas-o-pensamento-budista-no-ocidente\/","title":{"rendered":"Sua Santidade O DALAI LAMA RESPOSTAS: O PENSAMENTO BUDISTA NO OCIDENTE"},"content":{"rendered":"<p>Sua Santidade O DALAI LAMA RESPOSTAS: O PENSAMENTO BUDISTA NO OCIDENTE<\/p>\n<p>Tradu\u00e7\u00e3o de Tsering Paldr\u00f6n<\/p>\n<p>Ano de edi\u00e7\u00e3o: 2005<\/p>\n<p>Editor: Pergaminho<\/p>\n<p>Idioma: Portugu\u00eas<\/p>\n<p>Dimens\u00f5es: 15 x 0.9 x 23<\/p>\n<p>Encaderna\u00e7\u00e3o: capa mole<\/p>\n<p>P\u00e1ginas: 114<\/p>\n","protected":false},"excerpt":{"rendered":"<p>Sua Santidade O DALAI LAMA RESPOSTAS: O PENSAMENTO BUDISTA NO OCIDENTE Tradu\u00e7\u00e3o de Tsering Paldr\u00f6n Ano de edi\u00e7\u00e3o: 2005 Editor: Pergaminho Idioma: Portugu\u00eas Dimens\u00f5es: 15 x 0.9 x 23 Encaderna\u00e7\u00e3o: capa mole P\u00e1ginas: 114<\/p>\n","protected":false},"featured_media":4378,"comment_status":"open","ping_status":"closed","template":"","meta":{"om_disable_all_campaigns":false,"_monsterinsights_skip_tracking":false,"_monsterinsights_sitenote_active":false,"_monsterinsights_sitenote_note":"","_monsterinsights_sitenote_category":0,"_uf_show_specific_survey":0,"_uf_disable_surveys":false},"product_cat":[33],"product_tag":[],"aioseo_notices":[],"jetpack_sharing_enabled":true,"_links":{"self":[{"href":"https:\/\/casadolivreiro.pt\/index.php\/wp-json\/wp\/v2\/product\/4377"}],"collection":[{"href":"https:\/\/casadolivreiro.pt\/index.php\/wp-json\/wp\/v2\/product"}],"about":[{"href":"https:\/\/casadolivreiro.pt\/index.php\/wp-json\/wp\/v2\/types\/product"}],"replies":[{"embeddable":true,"href":"https:\/\/casadolivreiro.pt\/index.php\/wp-json\/wp\/v2\/comments?post=4377"}],"wp:featuredmedia":[{"embeddable":true,"href":"https:\/\/casadolivreiro.pt\/index.php\/wp-json\/wp\/v2\/media\/4378"}],"wp:attachment":[{"href":"https:\/\/casadolivreiro.pt\/index.php\/wp-json\/wp\/v2\/media?parent=4377"}],"wp:term":[{"taxonomy":"product_cat","embeddable":true,"href":"https:\/\/casadolivreiro.pt\/index.php\/wp-json\/wp\/v2\/product_cat?post=4377"},{"taxonomy":"product_tag","embeddable":true,"href":"https:\/\/casadolivreiro.pt\/index.php\/wp-json\/wp\/v2\/product_tag?post=4377"}],"curies":[{"name":"wp","href":"https:\/\/api.w.org\/{rel}","templated":true}]}}