{"id":4373,"date":"2025-04-11T12:15:10","date_gmt":"2025-04-11T12:15:10","guid":{"rendered":"https:\/\/casadolivreiro.pt\/?post_type=product&#038;p=4373"},"modified":"2025-04-11T12:15:10","modified_gmt":"2025-04-11T12:15:10","slug":"a-ponte-para-a-eternidade-uma-mensagem-de-amor-richard-bach","status":"publish","type":"product","link":"https:\/\/casadolivreiro.pt\/index.php\/product\/a-ponte-para-a-eternidade-uma-mensagem-de-amor-richard-bach\/","title":{"rendered":"A PONTE PARA A ETERNIDADE: uma mensagem de amor \u2013 Richard Bach"},"content":{"rendered":"<p>A PONTE PARA A ETERNIDADE: uma mensagem de amor \u2013 Richard Bach<\/p>\n<p>Tradu\u00e7\u00e3o de Carolina de Oliveira<\/p>\n<p>Ano de edi\u00e7\u00e3o: 1986<\/p>\n<p>Editor: Europa-Am\u00e9rica<\/p>\n<p>Idioma: Portugu\u00eas<\/p>\n<p>Dimens\u00f5es: 14 x 1.5 x 20.7<\/p>\n<p>Encaderna\u00e7\u00e3o: capa mole<\/p>\n<p>P\u00e1ginas: 254<\/p>\n","protected":false},"excerpt":{"rendered":"<p>A PONTE PARA A ETERNIDADE: uma mensagem de amor \u2013 Richard Bach Tradu\u00e7\u00e3o de Carolina de Oliveira Ano de edi\u00e7\u00e3o: 1986 Editor: Europa-Am\u00e9rica Idioma: Portugu\u00eas Dimens\u00f5es: 14 x 1.5 x 20.7 Encaderna\u00e7\u00e3o: capa mole P\u00e1ginas: 254<\/p>\n","protected":false},"featured_media":4374,"comment_status":"open","ping_status":"closed","template":"","meta":{"om_disable_all_campaigns":false,"_monsterinsights_skip_tracking":false,"_monsterinsights_sitenote_active":false,"_monsterinsights_sitenote_note":"","_monsterinsights_sitenote_category":0,"_uf_show_specific_survey":0,"_uf_disable_surveys":false},"product_cat":[33],"product_tag":[],"aioseo_notices":[],"jetpack_sharing_enabled":true,"_links":{"self":[{"href":"https:\/\/casadolivreiro.pt\/index.php\/wp-json\/wp\/v2\/product\/4373"}],"collection":[{"href":"https:\/\/casadolivreiro.pt\/index.php\/wp-json\/wp\/v2\/product"}],"about":[{"href":"https:\/\/casadolivreiro.pt\/index.php\/wp-json\/wp\/v2\/types\/product"}],"replies":[{"embeddable":true,"href":"https:\/\/casadolivreiro.pt\/index.php\/wp-json\/wp\/v2\/comments?post=4373"}],"wp:featuredmedia":[{"embeddable":true,"href":"https:\/\/casadolivreiro.pt\/index.php\/wp-json\/wp\/v2\/media\/4374"}],"wp:attachment":[{"href":"https:\/\/casadolivreiro.pt\/index.php\/wp-json\/wp\/v2\/media?parent=4373"}],"wp:term":[{"taxonomy":"product_cat","embeddable":true,"href":"https:\/\/casadolivreiro.pt\/index.php\/wp-json\/wp\/v2\/product_cat?post=4373"},{"taxonomy":"product_tag","embeddable":true,"href":"https:\/\/casadolivreiro.pt\/index.php\/wp-json\/wp\/v2\/product_tag?post=4373"}],"curies":[{"name":"wp","href":"https:\/\/api.w.org\/{rel}","templated":true}]}}