{"id":4369,"date":"2025-04-11T12:00:43","date_gmt":"2025-04-11T12:00:43","guid":{"rendered":"https:\/\/casadolivreiro.pt\/?post_type=product&#038;p=4369"},"modified":"2025-04-11T12:00:43","modified_gmt":"2025-04-11T12:00:43","slug":"a-sabedoria-do-dalai-lama-2005-organizacao-de-margaret-gee","status":"publish","type":"product","link":"https:\/\/casadolivreiro.pt\/index.php\/product\/a-sabedoria-do-dalai-lama-2005-organizacao-de-margaret-gee\/","title":{"rendered":"A SABEDORIA DO DALAI LAMA 2005 \u2013 Organiza\u00e7\u00e3o de Margaret Gee"},"content":{"rendered":"<p>A SABEDORIA DO DALAI LAMA 2005 \u2013 Organiza\u00e7\u00e3o de Margaret Gee<\/p>\n<p>Tradu\u00e7\u00e3o de Joana Neves<\/p>\n<p>Ano de edi\u00e7\u00e3o: 2004, 1.\u00aa edi\u00e7\u00e3o<\/p>\n<p>Editor: Arte Plural Edi\u00e7\u00f5es<\/p>\n<p>Idioma: Portugu\u00eas<\/p>\n<p>Dimens\u00f5es: 15 x 3 x 15.5<\/p>\n<p>Encaderna\u00e7\u00e3o: capa dura<\/p>\n<p>P\u00e1ginas: 365<\/p>\n","protected":false},"excerpt":{"rendered":"<p>A SABEDORIA DO DALAI LAMA 2005 \u2013 Organiza\u00e7\u00e3o de Margaret Gee Tradu\u00e7\u00e3o de Joana Neves Ano de edi\u00e7\u00e3o: 2004, 1.\u00aa edi\u00e7\u00e3o Editor: Arte Plural Edi\u00e7\u00f5es Idioma: Portugu\u00eas Dimens\u00f5es: 15 x 3 x 15.5 Encaderna\u00e7\u00e3o: capa dura P\u00e1ginas: 365<\/p>\n","protected":false},"featured_media":4370,"comment_status":"open","ping_status":"closed","template":"","meta":{"om_disable_all_campaigns":false,"_monsterinsights_skip_tracking":false,"_monsterinsights_sitenote_active":false,"_monsterinsights_sitenote_note":"","_monsterinsights_sitenote_category":0,"_uf_show_specific_survey":0,"_uf_disable_surveys":false},"product_cat":[33,29,43,61],"product_tag":[],"aioseo_notices":[],"jetpack_sharing_enabled":true,"_links":{"self":[{"href":"https:\/\/casadolivreiro.pt\/index.php\/wp-json\/wp\/v2\/product\/4369"}],"collection":[{"href":"https:\/\/casadolivreiro.pt\/index.php\/wp-json\/wp\/v2\/product"}],"about":[{"href":"https:\/\/casadolivreiro.pt\/index.php\/wp-json\/wp\/v2\/types\/product"}],"replies":[{"embeddable":true,"href":"https:\/\/casadolivreiro.pt\/index.php\/wp-json\/wp\/v2\/comments?post=4369"}],"wp:featuredmedia":[{"embeddable":true,"href":"https:\/\/casadolivreiro.pt\/index.php\/wp-json\/wp\/v2\/media\/4370"}],"wp:attachment":[{"href":"https:\/\/casadolivreiro.pt\/index.php\/wp-json\/wp\/v2\/media?parent=4369"}],"wp:term":[{"taxonomy":"product_cat","embeddable":true,"href":"https:\/\/casadolivreiro.pt\/index.php\/wp-json\/wp\/v2\/product_cat?post=4369"},{"taxonomy":"product_tag","embeddable":true,"href":"https:\/\/casadolivreiro.pt\/index.php\/wp-json\/wp\/v2\/product_tag?post=4369"}],"curies":[{"name":"wp","href":"https:\/\/api.w.org\/{rel}","templated":true}]}}