{"id":4366,"date":"2025-04-11T11:54:39","date_gmt":"2025-04-11T11:54:39","guid":{"rendered":"https:\/\/casadolivreiro.pt\/?post_type=product&#038;p=4366"},"modified":"2025-04-11T11:54:39","modified_gmt":"2025-04-11T11:54:39","slug":"mil-caminhos-para-a-amizade-david-baird","status":"publish","type":"product","link":"https:\/\/casadolivreiro.pt\/index.php\/product\/mil-caminhos-para-a-amizade-david-baird\/","title":{"rendered":"MIL CAMINHOS PARA  A AMIZADE \u2013 David  Baird"},"content":{"rendered":"<p>MIL CAMINHOS PARA\u00a0 A AMIZADE \u2013 David \u00a0Baird<\/p>\n<p>Tradu\u00e7\u00e3o de Tania Ganhor<\/p>\n<p>Ano de edi\u00e7\u00e3o: 2004, 1.\u00aa edi\u00e7\u00e3o<\/p>\n<p>Editor: Arte Plural Edi\u00e7\u00f5es<\/p>\n<p>Idioma: Portugu\u00eas<\/p>\n<p>Dimens\u00f5es: 11.2 x 1.2 x 11.3<\/p>\n<p>Encaderna\u00e7\u00e3o: capa mole<\/p>\n<p>P\u00e1ginas: 464<\/p>\n","protected":false},"excerpt":{"rendered":"<p>MIL CAMINHOS PARA\u00a0 A AMIZADE \u2013 David \u00a0Baird Tradu\u00e7\u00e3o de Tania Ganhor Ano de edi\u00e7\u00e3o: 2004, 1.\u00aa edi\u00e7\u00e3o Editor: Arte Plural Edi\u00e7\u00f5es Idioma: Portugu\u00eas Dimens\u00f5es: 11.2 x 1.2 x 11.3 Encaderna\u00e7\u00e3o: capa mole P\u00e1ginas: 464<\/p>\n","protected":false},"featured_media":4367,"comment_status":"open","ping_status":"closed","template":"","meta":{"om_disable_all_campaigns":false,"_monsterinsights_skip_tracking":false,"_monsterinsights_sitenote_active":false,"_monsterinsights_sitenote_note":"","_monsterinsights_sitenote_category":0,"_uf_show_specific_survey":0,"_uf_disable_surveys":false},"product_cat":[33,43,61,66],"product_tag":[],"aioseo_notices":[],"jetpack_sharing_enabled":true,"_links":{"self":[{"href":"https:\/\/casadolivreiro.pt\/index.php\/wp-json\/wp\/v2\/product\/4366"}],"collection":[{"href":"https:\/\/casadolivreiro.pt\/index.php\/wp-json\/wp\/v2\/product"}],"about":[{"href":"https:\/\/casadolivreiro.pt\/index.php\/wp-json\/wp\/v2\/types\/product"}],"replies":[{"embeddable":true,"href":"https:\/\/casadolivreiro.pt\/index.php\/wp-json\/wp\/v2\/comments?post=4366"}],"wp:featuredmedia":[{"embeddable":true,"href":"https:\/\/casadolivreiro.pt\/index.php\/wp-json\/wp\/v2\/media\/4367"}],"wp:attachment":[{"href":"https:\/\/casadolivreiro.pt\/index.php\/wp-json\/wp\/v2\/media?parent=4366"}],"wp:term":[{"taxonomy":"product_cat","embeddable":true,"href":"https:\/\/casadolivreiro.pt\/index.php\/wp-json\/wp\/v2\/product_cat?post=4366"},{"taxonomy":"product_tag","embeddable":true,"href":"https:\/\/casadolivreiro.pt\/index.php\/wp-json\/wp\/v2\/product_tag?post=4366"}],"curies":[{"name":"wp","href":"https:\/\/api.w.org\/{rel}","templated":true}]}}