{"id":4358,"date":"2025-04-08T17:12:04","date_gmt":"2025-04-08T17:12:04","guid":{"rendered":"https:\/\/casadolivreiro.pt\/?post_type=product&#038;p=4358"},"modified":"2025-04-08T17:12:04","modified_gmt":"2025-04-08T17:12:04","slug":"despertar-para-deus-pomme-dap-danielle-monneron","status":"publish","type":"product","link":"https:\/\/casadolivreiro.pt\/index.php\/product\/despertar-para-deus-pomme-dap-danielle-monneron\/","title":{"rendered":"DESPERTAR PARA DEUS \u2013 Pomme D\u2019Ap, Danielle Monneron"},"content":{"rendered":"<p>DESPERTAR PARA DEUS \u2013 Pomme D\u2019Ap, Danielle Monneron<\/p>\n<p>Tradu\u00e7\u00e3o de: Jos\u00e9 M. Belinquete e Ant\u00f3nio Cap\u00e3o<\/p>\n<p>Ano de edi\u00e7\u00e3o: 1986<\/p>\n<p>Editor: Edi\u00e7\u00f5es Sinai<\/p>\n<p>Idioma: Portugu\u00eas<\/p>\n<p>Dimens\u00f5es: 12 x 0.8 x 18.5<\/p>\n<p>Encaderna\u00e7\u00e3o: capa mole<\/p>\n<p>P\u00e1ginas: 124<\/p>\n","protected":false},"excerpt":{"rendered":"<p>DESPERTAR PARA DEUS \u2013 Pomme D\u2019Ap, Danielle Monneron Tradu\u00e7\u00e3o de: Jos\u00e9 M. Belinquete e Ant\u00f3nio Cap\u00e3o Ano de edi\u00e7\u00e3o: 1986 Editor: Edi\u00e7\u00f5es Sinai Idioma: Portugu\u00eas Dimens\u00f5es: 12 x 0.8 x 18.5 Encaderna\u00e7\u00e3o: capa mole P\u00e1ginas: 124<\/p>\n","protected":false},"featured_media":4359,"comment_status":"open","ping_status":"closed","template":"","meta":{"om_disable_all_campaigns":false,"_monsterinsights_skip_tracking":false,"_monsterinsights_sitenote_active":false,"_monsterinsights_sitenote_note":"","_monsterinsights_sitenote_category":0,"_uf_show_specific_survey":0,"_uf_disable_surveys":false},"product_cat":[33],"product_tag":[],"aioseo_notices":[],"jetpack_sharing_enabled":true,"_links":{"self":[{"href":"https:\/\/casadolivreiro.pt\/index.php\/wp-json\/wp\/v2\/product\/4358"}],"collection":[{"href":"https:\/\/casadolivreiro.pt\/index.php\/wp-json\/wp\/v2\/product"}],"about":[{"href":"https:\/\/casadolivreiro.pt\/index.php\/wp-json\/wp\/v2\/types\/product"}],"replies":[{"embeddable":true,"href":"https:\/\/casadolivreiro.pt\/index.php\/wp-json\/wp\/v2\/comments?post=4358"}],"wp:featuredmedia":[{"embeddable":true,"href":"https:\/\/casadolivreiro.pt\/index.php\/wp-json\/wp\/v2\/media\/4359"}],"wp:attachment":[{"href":"https:\/\/casadolivreiro.pt\/index.php\/wp-json\/wp\/v2\/media?parent=4358"}],"wp:term":[{"taxonomy":"product_cat","embeddable":true,"href":"https:\/\/casadolivreiro.pt\/index.php\/wp-json\/wp\/v2\/product_cat?post=4358"},{"taxonomy":"product_tag","embeddable":true,"href":"https:\/\/casadolivreiro.pt\/index.php\/wp-json\/wp\/v2\/product_tag?post=4358"}],"curies":[{"name":"wp","href":"https:\/\/api.w.org\/{rel}","templated":true}]}}