{"id":4356,"date":"2025-04-08T17:06:31","date_gmt":"2025-04-08T17:06:31","guid":{"rendered":"https:\/\/casadolivreiro.pt\/?post_type=product&#038;p=4356"},"modified":"2025-04-08T17:06:32","modified_gmt":"2025-04-08T17:06:32","slug":"profecia-de-isaias-uma-luz-para-toda-a-humanidade-volume-ii","status":"publish","type":"product","link":"https:\/\/casadolivreiro.pt\/index.php\/product\/profecia-de-isaias-uma-luz-para-toda-a-humanidade-volume-ii\/","title":{"rendered":"PROFECIA DE ISA\u00cdAS: Uma Luz para Toda a Humanidade, Volume II"},"content":{"rendered":"<p>PROFECIA DE ISA\u00cdAS: Uma Luz para Toda a Humanidade, Volume II<\/p>\n<p>Ano de edi\u00e7\u00e3o: 2012<\/p>\n<p>Editor: Watch Tower Bible and Tract Society of New York, Inc.<\/p>\n<p>Idioma: Portugu\u00eas<\/p>\n<p>Dimens\u00f5es: 11 x 1.5 x 15.9<\/p>\n<p>Encaderna\u00e7\u00e3o: capa mole<\/p>\n<p>P\u00e1ginas: 416<\/p>\n","protected":false},"excerpt":{"rendered":"<p>PROFECIA DE ISA\u00cdAS: Uma Luz para Toda a Humanidade, Volume II Ano de edi\u00e7\u00e3o: 2012 Editor: Watch Tower Bible and Tract Society of New York, Inc. Idioma: Portugu\u00eas Dimens\u00f5es: 11 x 1.5 x 15.9 Encaderna\u00e7\u00e3o: capa mole P\u00e1ginas: 416<\/p>\n","protected":false},"featured_media":4357,"comment_status":"open","ping_status":"closed","template":"","meta":{"om_disable_all_campaigns":false,"_monsterinsights_skip_tracking":false,"_monsterinsights_sitenote_active":false,"_monsterinsights_sitenote_note":"","_monsterinsights_sitenote_category":0,"_uf_show_specific_survey":0,"_uf_disable_surveys":false},"product_cat":[33],"product_tag":[],"aioseo_notices":[],"jetpack_sharing_enabled":true,"_links":{"self":[{"href":"https:\/\/casadolivreiro.pt\/index.php\/wp-json\/wp\/v2\/product\/4356"}],"collection":[{"href":"https:\/\/casadolivreiro.pt\/index.php\/wp-json\/wp\/v2\/product"}],"about":[{"href":"https:\/\/casadolivreiro.pt\/index.php\/wp-json\/wp\/v2\/types\/product"}],"replies":[{"embeddable":true,"href":"https:\/\/casadolivreiro.pt\/index.php\/wp-json\/wp\/v2\/comments?post=4356"}],"wp:featuredmedia":[{"embeddable":true,"href":"https:\/\/casadolivreiro.pt\/index.php\/wp-json\/wp\/v2\/media\/4357"}],"wp:attachment":[{"href":"https:\/\/casadolivreiro.pt\/index.php\/wp-json\/wp\/v2\/media?parent=4356"}],"wp:term":[{"taxonomy":"product_cat","embeddable":true,"href":"https:\/\/casadolivreiro.pt\/index.php\/wp-json\/wp\/v2\/product_cat?post=4356"},{"taxonomy":"product_tag","embeddable":true,"href":"https:\/\/casadolivreiro.pt\/index.php\/wp-json\/wp\/v2\/product_tag?post=4356"}],"curies":[{"name":"wp","href":"https:\/\/api.w.org\/{rel}","templated":true}]}}