{"id":4352,"date":"2025-04-08T16:57:39","date_gmt":"2025-04-08T16:57:39","guid":{"rendered":"https:\/\/casadolivreiro.pt\/?post_type=product&#038;p=4352"},"modified":"2025-04-08T16:57:39","modified_gmt":"2025-04-08T16:57:39","slug":"a-minha-vida-nao-e-nada-disto-alexandre-honrado","status":"publish","type":"product","link":"https:\/\/casadolivreiro.pt\/index.php\/product\/a-minha-vida-nao-e-nada-disto-alexandre-honrado\/","title":{"rendered":"A MINHA VIDA N\u00c3O \u00c9 NADA DISTO! \u2013 Alexandre Honrado"},"content":{"rendered":"<p>A MINHA VIDA N\u00c3O \u00c9 NADA DISTO! \u2013 Alexandre Honrado<\/p>\n<p>Ano de edi\u00e7\u00e3o: 1997<\/p>\n<p>Editor: Terramar, Liboa<\/p>\n<p>Idioma: Portugu\u00eas<\/p>\n<p>Dimens\u00f5es: 12 x 1 x 18<\/p>\n<p>Encaderna\u00e7\u00e3o: capa mole<\/p>\n<p>P\u00e1ginas: 137<\/p>\n","protected":false},"excerpt":{"rendered":"<p>A MINHA VIDA N\u00c3O \u00c9 NADA DISTO! \u2013 Alexandre Honrado Ano de edi\u00e7\u00e3o: 1997 Editor: Terramar, Liboa Idioma: Portugu\u00eas Dimens\u00f5es: 12 x 1 x 18 Encaderna\u00e7\u00e3o: capa mole P\u00e1ginas: 137<\/p>\n","protected":false},"featured_media":4353,"comment_status":"open","ping_status":"closed","template":"","meta":{"om_disable_all_campaigns":false,"_monsterinsights_skip_tracking":false,"_monsterinsights_sitenote_active":false,"_monsterinsights_sitenote_note":"","_monsterinsights_sitenote_category":0,"_uf_show_specific_survey":0,"_uf_disable_surveys":false},"product_cat":[25,36],"product_tag":[],"aioseo_notices":[],"jetpack_sharing_enabled":true,"_links":{"self":[{"href":"https:\/\/casadolivreiro.pt\/index.php\/wp-json\/wp\/v2\/product\/4352"}],"collection":[{"href":"https:\/\/casadolivreiro.pt\/index.php\/wp-json\/wp\/v2\/product"}],"about":[{"href":"https:\/\/casadolivreiro.pt\/index.php\/wp-json\/wp\/v2\/types\/product"}],"replies":[{"embeddable":true,"href":"https:\/\/casadolivreiro.pt\/index.php\/wp-json\/wp\/v2\/comments?post=4352"}],"wp:featuredmedia":[{"embeddable":true,"href":"https:\/\/casadolivreiro.pt\/index.php\/wp-json\/wp\/v2\/media\/4353"}],"wp:attachment":[{"href":"https:\/\/casadolivreiro.pt\/index.php\/wp-json\/wp\/v2\/media?parent=4352"}],"wp:term":[{"taxonomy":"product_cat","embeddable":true,"href":"https:\/\/casadolivreiro.pt\/index.php\/wp-json\/wp\/v2\/product_cat?post=4352"},{"taxonomy":"product_tag","embeddable":true,"href":"https:\/\/casadolivreiro.pt\/index.php\/wp-json\/wp\/v2\/product_tag?post=4352"}],"curies":[{"name":"wp","href":"https:\/\/api.w.org\/{rel}","templated":true}]}}