{"id":435,"date":"2024-03-11T22:04:27","date_gmt":"2024-03-11T22:04:27","guid":{"rendered":"https:\/\/casadolivreiro.pt\/?post_type=product&#038;p=435"},"modified":"2024-03-11T22:04:27","modified_gmt":"2024-03-11T22:04:27","slug":"acordeao-magico-metodo-com-cancoes-conhecidos-em-todo-o-mundo-eurico-a-cebolo","status":"publish","type":"product","link":"https:\/\/casadolivreiro.pt\/index.php\/product\/acordeao-magico-metodo-com-cancoes-conhecidos-em-todo-o-mundo-eurico-a-cebolo\/","title":{"rendered":"ACORDE\u00c3O M\u00c1GICO: M\u00e9todo com can\u00e7\u00f5es conhecidos em todo o mundo &#8211; Eurico A. Cebolo"},"content":{"rendered":"<p>ACORDE\u00c3O M\u00c1GICO: M\u00e9todo com can\u00e7\u00f5es conhecidos em todo o mundo<br \/>\nEurico A. Cebolo<br \/>\nEditado pelo autor<br \/>\nData de Lan\u00e7amento: (1980?)<br \/>\nIdioma:\u00a0 Portugu\u00eas, Ingl\u00eas e Franc\u00eas<br \/>\nDimens\u00f5es: 21.3 x 1.3 x 30 cm<br \/>\nEncaderna\u00e7\u00e3o: Capa mole<br \/>\nP\u00e1ginas: 126<\/p>\n","protected":false},"excerpt":{"rendered":"<p>ACORDE\u00c3O M\u00c1GICO: M\u00e9todo com can\u00e7\u00f5es conhecidos em todo o mundo Eurico A. Cebolo Editado pelo autor Data de Lan\u00e7amento: (1980?) Idioma:\u00a0 Portugu\u00eas, Ingl\u00eas e Franc\u00eas Dimens\u00f5es: 21.3 x 1.3 x 30 cm Encaderna\u00e7\u00e3o: Capa mole P\u00e1ginas: 126<\/p>\n","protected":false},"featured_media":437,"comment_status":"open","ping_status":"closed","template":"","meta":{"om_disable_all_campaigns":false,"_monsterinsights_skip_tracking":false,"_monsterinsights_sitenote_active":false,"_monsterinsights_sitenote_note":"","_monsterinsights_sitenote_category":0,"_uf_show_specific_survey":0,"_uf_disable_surveys":false},"product_cat":[24,47,62],"product_tag":[],"aioseo_notices":[],"jetpack_sharing_enabled":true,"_links":{"self":[{"href":"https:\/\/casadolivreiro.pt\/index.php\/wp-json\/wp\/v2\/product\/435"}],"collection":[{"href":"https:\/\/casadolivreiro.pt\/index.php\/wp-json\/wp\/v2\/product"}],"about":[{"href":"https:\/\/casadolivreiro.pt\/index.php\/wp-json\/wp\/v2\/types\/product"}],"replies":[{"embeddable":true,"href":"https:\/\/casadolivreiro.pt\/index.php\/wp-json\/wp\/v2\/comments?post=435"}],"wp:featuredmedia":[{"embeddable":true,"href":"https:\/\/casadolivreiro.pt\/index.php\/wp-json\/wp\/v2\/media\/437"}],"wp:attachment":[{"href":"https:\/\/casadolivreiro.pt\/index.php\/wp-json\/wp\/v2\/media?parent=435"}],"wp:term":[{"taxonomy":"product_cat","embeddable":true,"href":"https:\/\/casadolivreiro.pt\/index.php\/wp-json\/wp\/v2\/product_cat?post=435"},{"taxonomy":"product_tag","embeddable":true,"href":"https:\/\/casadolivreiro.pt\/index.php\/wp-json\/wp\/v2\/product_tag?post=435"}],"curies":[{"name":"wp","href":"https:\/\/api.w.org\/{rel}","templated":true}]}}