{"id":4348,"date":"2025-04-08T16:46:44","date_gmt":"2025-04-08T16:46:44","guid":{"rendered":"https:\/\/casadolivreiro.pt\/?post_type=product&#038;p=4348"},"modified":"2025-04-08T16:46:45","modified_gmt":"2025-04-08T16:46:45","slug":"o-apocalipse-sua-mensagem-e-significacao-edward-a-mcdowell","status":"publish","type":"product","link":"https:\/\/casadolivreiro.pt\/index.php\/product\/o-apocalipse-sua-mensagem-e-significacao-edward-a-mcdowell\/","title":{"rendered":"O APOCALIPSE \u2013 SUA MENSAGEM E SIGNIFICA\u00c7\u00c3O \u2013 Edward A. McDowell"},"content":{"rendered":"<p>O APOCALIPSE \u2013 SUA MENSAGEM E SIGNIFICA\u00c7\u00c3O \u2013 Edward A. McDowell<\/p>\n<p>Tradu\u00e7\u00e3o de Roberto G. Bratcher, Werner Kaschel<\/p>\n<p>Ano de edi\u00e7\u00e3o: 1960<\/p>\n<p>Editor: Casa Publicadora Batista, Rio de Janeiro<\/p>\n<p>Idioma: Portugu\u00eas<\/p>\n<p>Dimens\u00f5es: 13 x 1.3 x 17.7<\/p>\n<p>Encaderna\u00e7\u00e3o: capa mole<\/p>\n<p>P\u00e1ginas: 256<\/p>\n","protected":false},"excerpt":{"rendered":"<p>O APOCALIPSE \u2013 SUA MENSAGEM E SIGNIFICA\u00c7\u00c3O \u2013 Edward A. McDowell Tradu\u00e7\u00e3o de Roberto G. Bratcher, Werner Kaschel Ano de edi\u00e7\u00e3o: 1960 Editor: Casa Publicadora Batista, Rio de Janeiro Idioma: Portugu\u00eas Dimens\u00f5es: 13 x 1.3 x 17.7 Encaderna\u00e7\u00e3o: capa mole P\u00e1ginas: 256<\/p>\n","protected":false},"featured_media":4349,"comment_status":"open","ping_status":"closed","template":"","meta":{"om_disable_all_campaigns":false,"_monsterinsights_skip_tracking":false,"_monsterinsights_sitenote_active":false,"_monsterinsights_sitenote_note":"","_monsterinsights_sitenote_category":0,"_uf_show_specific_survey":0,"_uf_disable_surveys":false},"product_cat":[33],"product_tag":[],"aioseo_notices":[],"jetpack_sharing_enabled":true,"_links":{"self":[{"href":"https:\/\/casadolivreiro.pt\/index.php\/wp-json\/wp\/v2\/product\/4348"}],"collection":[{"href":"https:\/\/casadolivreiro.pt\/index.php\/wp-json\/wp\/v2\/product"}],"about":[{"href":"https:\/\/casadolivreiro.pt\/index.php\/wp-json\/wp\/v2\/types\/product"}],"replies":[{"embeddable":true,"href":"https:\/\/casadolivreiro.pt\/index.php\/wp-json\/wp\/v2\/comments?post=4348"}],"wp:featuredmedia":[{"embeddable":true,"href":"https:\/\/casadolivreiro.pt\/index.php\/wp-json\/wp\/v2\/media\/4349"}],"wp:attachment":[{"href":"https:\/\/casadolivreiro.pt\/index.php\/wp-json\/wp\/v2\/media?parent=4348"}],"wp:term":[{"taxonomy":"product_cat","embeddable":true,"href":"https:\/\/casadolivreiro.pt\/index.php\/wp-json\/wp\/v2\/product_cat?post=4348"},{"taxonomy":"product_tag","embeddable":true,"href":"https:\/\/casadolivreiro.pt\/index.php\/wp-json\/wp\/v2\/product_tag?post=4348"}],"curies":[{"name":"wp","href":"https:\/\/api.w.org\/{rel}","templated":true}]}}