{"id":4342,"date":"2025-04-08T16:32:30","date_gmt":"2025-04-08T16:32:30","guid":{"rendered":"https:\/\/casadolivreiro.pt\/?post_type=product&#038;p=4342"},"modified":"2025-04-08T16:32:30","modified_gmt":"2025-04-08T16:32:30","slug":"vou-ter-com-o-pai-o-evangelho-segundo-lucas-a-primeira-carta-de-pedro-o-livro-de-amos-seleccao-de-salmos","status":"publish","type":"product","link":"https:\/\/casadolivreiro.pt\/index.php\/product\/vou-ter-com-o-pai-o-evangelho-segundo-lucas-a-primeira-carta-de-pedro-o-livro-de-amos-seleccao-de-salmos\/","title":{"rendered":"VOU TER COM O PAI: O Evangelho segundo Lucas, A Primeira Carta de Pedro, O Livro de Am\u00f3s, Selec\u00e7\u00e3o de Salmos"},"content":{"rendered":"<p>VOU TER COM O PAI: O Evangelho segundo Lucas, A Primeira Carta de Pedro, O Livro de Am\u00f3s, Selec\u00e7\u00e3o de Salmos<\/p>\n<p>Ano de edi\u00e7\u00e3o: 2000<\/p>\n<p>Editor: Comiss\u00e3o Central do Grande Jubileu do Ano 2000<\/p>\n<p>Idioma: Portugu\u00eas<\/p>\n<p>Dimens\u00f5es: 10.4 x 1 x 16<\/p>\n<p>Encaderna\u00e7\u00e3o: capa mole<\/p>\n<p>P\u00e1ginas:<\/p>\n","protected":false},"excerpt":{"rendered":"<p>VOU TER COM O PAI: O Evangelho segundo Lucas, A Primeira Carta de Pedro, O Livro de Am\u00f3s, Selec\u00e7\u00e3o de Salmos Ano de edi\u00e7\u00e3o: 2000 Editor: Comiss\u00e3o Central do Grande Jubileu do Ano 2000 Idioma: Portugu\u00eas Dimens\u00f5es: 10.4 x 1 x 16 Encaderna\u00e7\u00e3o: capa mole P\u00e1ginas:<\/p>\n","protected":false},"featured_media":4343,"comment_status":"open","ping_status":"closed","template":"","meta":{"om_disable_all_campaigns":false,"_monsterinsights_skip_tracking":false,"_monsterinsights_sitenote_active":false,"_monsterinsights_sitenote_note":"","_monsterinsights_sitenote_category":0,"_uf_show_specific_survey":0,"_uf_disable_surveys":false},"product_cat":[33],"product_tag":[],"aioseo_notices":[],"jetpack_sharing_enabled":true,"_links":{"self":[{"href":"https:\/\/casadolivreiro.pt\/index.php\/wp-json\/wp\/v2\/product\/4342"}],"collection":[{"href":"https:\/\/casadolivreiro.pt\/index.php\/wp-json\/wp\/v2\/product"}],"about":[{"href":"https:\/\/casadolivreiro.pt\/index.php\/wp-json\/wp\/v2\/types\/product"}],"replies":[{"embeddable":true,"href":"https:\/\/casadolivreiro.pt\/index.php\/wp-json\/wp\/v2\/comments?post=4342"}],"wp:featuredmedia":[{"embeddable":true,"href":"https:\/\/casadolivreiro.pt\/index.php\/wp-json\/wp\/v2\/media\/4343"}],"wp:attachment":[{"href":"https:\/\/casadolivreiro.pt\/index.php\/wp-json\/wp\/v2\/media?parent=4342"}],"wp:term":[{"taxonomy":"product_cat","embeddable":true,"href":"https:\/\/casadolivreiro.pt\/index.php\/wp-json\/wp\/v2\/product_cat?post=4342"},{"taxonomy":"product_tag","embeddable":true,"href":"https:\/\/casadolivreiro.pt\/index.php\/wp-json\/wp\/v2\/product_tag?post=4342"}],"curies":[{"name":"wp","href":"https:\/\/api.w.org\/{rel}","templated":true}]}}