{"id":4328,"date":"2025-04-08T15:53:45","date_gmt":"2025-04-08T15:53:45","guid":{"rendered":"https:\/\/casadolivreiro.pt\/?post_type=product&#038;p=4328"},"modified":"2025-04-08T15:53:45","modified_gmt":"2025-04-08T15:53:45","slug":"ministerios-espirituais-alvaro-blomgren","status":"publish","type":"product","link":"https:\/\/casadolivreiro.pt\/index.php\/product\/ministerios-espirituais-alvaro-blomgren\/","title":{"rendered":"MINIST\u00c9RIOS ESPIRITUAIS \u2013 \u00c1lvaro Blomgren"},"content":{"rendered":"<p>MINIST\u00c9RIOS ESPIRITUAIS \u2013 \u00c1lvaro Blomgren<\/p>\n<p>Tradu\u00e7\u00e3o de Tag\u00e8 Stahlberg<\/p>\n<p>Ano de edi\u00e7\u00e3o: 1974<\/p>\n<p>Editor: Assembleia de Deus, Lisboa<\/p>\n<p>Idioma: Portugu\u00eas<\/p>\n<p>Dimens\u00f5es: 11.1 x 0.3 x 16.7<\/p>\n<p>Encaderna\u00e7\u00e3o: capa mole<\/p>\n<p>P\u00e1ginas: 70<\/p>\n","protected":false},"excerpt":{"rendered":"<p>MINIST\u00c9RIOS ESPIRITUAIS \u2013 \u00c1lvaro Blomgren Tradu\u00e7\u00e3o de Tag\u00e8 Stahlberg Ano de edi\u00e7\u00e3o: 1974 Editor: Assembleia de Deus, Lisboa Idioma: Portugu\u00eas Dimens\u00f5es: 11.1 x 0.3 x 16.7 Encaderna\u00e7\u00e3o: capa mole P\u00e1ginas: 70<\/p>\n","protected":false},"featured_media":4329,"comment_status":"open","ping_status":"closed","template":"","meta":{"om_disable_all_campaigns":false,"_monsterinsights_skip_tracking":false,"_monsterinsights_sitenote_active":false,"_monsterinsights_sitenote_note":"","_monsterinsights_sitenote_category":0,"_uf_show_specific_survey":0,"_uf_disable_surveys":false},"product_cat":[33],"product_tag":[],"aioseo_notices":[],"jetpack_sharing_enabled":true,"_links":{"self":[{"href":"https:\/\/casadolivreiro.pt\/index.php\/wp-json\/wp\/v2\/product\/4328"}],"collection":[{"href":"https:\/\/casadolivreiro.pt\/index.php\/wp-json\/wp\/v2\/product"}],"about":[{"href":"https:\/\/casadolivreiro.pt\/index.php\/wp-json\/wp\/v2\/types\/product"}],"replies":[{"embeddable":true,"href":"https:\/\/casadolivreiro.pt\/index.php\/wp-json\/wp\/v2\/comments?post=4328"}],"wp:featuredmedia":[{"embeddable":true,"href":"https:\/\/casadolivreiro.pt\/index.php\/wp-json\/wp\/v2\/media\/4329"}],"wp:attachment":[{"href":"https:\/\/casadolivreiro.pt\/index.php\/wp-json\/wp\/v2\/media?parent=4328"}],"wp:term":[{"taxonomy":"product_cat","embeddable":true,"href":"https:\/\/casadolivreiro.pt\/index.php\/wp-json\/wp\/v2\/product_cat?post=4328"},{"taxonomy":"product_tag","embeddable":true,"href":"https:\/\/casadolivreiro.pt\/index.php\/wp-json\/wp\/v2\/product_tag?post=4328"}],"curies":[{"name":"wp","href":"https:\/\/api.w.org\/{rel}","templated":true}]}}