{"id":432,"date":"2024-03-11T21:55:34","date_gmt":"2024-03-11T21:55:34","guid":{"rendered":"https:\/\/casadolivreiro.pt\/?post_type=product&#038;p=432"},"modified":"2024-03-11T21:55:34","modified_gmt":"2024-03-11T21:55:34","slug":"a-arte-em-portugal-2-volumes-florido-de-vasconcelos","status":"publish","type":"product","link":"https:\/\/casadolivreiro.pt\/index.php\/product\/a-arte-em-portugal-2-volumes-florido-de-vasconcelos\/","title":{"rendered":"A ARTE EM PORTUGAL,  2 Volumes &#8211; Florido de Vasconcelos"},"content":{"rendered":"<p>A ARTE EM PORTUGAL, \u00a02 Volumes<br \/>\nFlorido de Vasconcelos<br \/>\nEditor: Verbo Juvenil, Lisboa<br \/>\nData de Lan\u00e7amento: 1973<br \/>\nIdioma:\u00a0 Portugu\u00eas<br \/>\nDimens\u00f5es: 23 x 1.5 x 29 cm<br \/>\nEncaderna\u00e7\u00e3o: Capa dura<br \/>\nP\u00e1ginas: 92 (Vol.1) e 92 (Vol.2)<\/p>\n","protected":false},"excerpt":{"rendered":"<p>A ARTE EM PORTUGAL, \u00a02 Volumes Florido de Vasconcelos Editor: Verbo Juvenil, Lisboa Data de Lan\u00e7amento: 1973 Idioma:\u00a0 Portugu\u00eas Dimens\u00f5es: 23 x 1.5 x 29 cm Encaderna\u00e7\u00e3o: Capa dura P\u00e1ginas: 92 (Vol.1) e 92 (Vol.2)<\/p>\n","protected":false},"featured_media":433,"comment_status":"open","ping_status":"closed","template":"","meta":{"om_disable_all_campaigns":false,"_monsterinsights_skip_tracking":false,"_monsterinsights_sitenote_active":false,"_monsterinsights_sitenote_note":"","_monsterinsights_sitenote_category":0,"_uf_show_specific_survey":0,"_uf_disable_surveys":false},"product_cat":[24,62],"product_tag":[],"aioseo_notices":[],"jetpack_sharing_enabled":true,"_links":{"self":[{"href":"https:\/\/casadolivreiro.pt\/index.php\/wp-json\/wp\/v2\/product\/432"}],"collection":[{"href":"https:\/\/casadolivreiro.pt\/index.php\/wp-json\/wp\/v2\/product"}],"about":[{"href":"https:\/\/casadolivreiro.pt\/index.php\/wp-json\/wp\/v2\/types\/product"}],"replies":[{"embeddable":true,"href":"https:\/\/casadolivreiro.pt\/index.php\/wp-json\/wp\/v2\/comments?post=432"}],"wp:featuredmedia":[{"embeddable":true,"href":"https:\/\/casadolivreiro.pt\/index.php\/wp-json\/wp\/v2\/media\/433"}],"wp:attachment":[{"href":"https:\/\/casadolivreiro.pt\/index.php\/wp-json\/wp\/v2\/media?parent=432"}],"wp:term":[{"taxonomy":"product_cat","embeddable":true,"href":"https:\/\/casadolivreiro.pt\/index.php\/wp-json\/wp\/v2\/product_cat?post=432"},{"taxonomy":"product_tag","embeddable":true,"href":"https:\/\/casadolivreiro.pt\/index.php\/wp-json\/wp\/v2\/product_tag?post=432"}],"curies":[{"name":"wp","href":"https:\/\/api.w.org\/{rel}","templated":true}]}}