{"id":4316,"date":"2025-04-08T15:16:44","date_gmt":"2025-04-08T15:16:44","guid":{"rendered":"https:\/\/casadolivreiro.pt\/?post_type=product&#038;p=4316"},"modified":"2025-04-08T15:16:44","modified_gmt":"2025-04-08T15:16:44","slug":"a-palavra-a-biblia-para-todos-texto-integral-do-evangelho-de-jesus-cristo-segundo-joao-ano-de-edicao-2022","status":"publish","type":"product","link":"https:\/\/casadolivreiro.pt\/index.php\/product\/a-palavra-a-biblia-para-todos-texto-integral-do-evangelho-de-jesus-cristo-segundo-joao-ano-de-edicao-2022\/","title":{"rendered":"A PALAVRA: A B\u00edblia para todos \u2013 texto integral do Evangelho de Jesus Cristo segundo Jo\u00e3o Ano de edi\u00e7\u00e3o: 2022"},"content":{"rendered":"<p>A PALAVRA: A B\u00edblia para todos \u2013 texto integral do Evangelho de Jesus Cristo segundo Jo\u00e3o<\/p>\n<p>Ano de edi\u00e7\u00e3o: 2022<\/p>\n<p>Editor: Loja do Biblia Editorial, Lda.<\/p>\n<p>Idioma: Portugu\u00eas<\/p>\n<p>Dimens\u00f5es: 9 x 0.4 x 13<\/p>\n<p>Encaderna\u00e7\u00e3o: capa mole<\/p>\n<p>P\u00e1ginas: 67<\/p>\n","protected":false},"excerpt":{"rendered":"<p>A PALAVRA: A B\u00edblia para todos \u2013 texto integral do Evangelho de Jesus Cristo segundo Jo\u00e3o Ano de edi\u00e7\u00e3o: 2022 Editor: Loja do Biblia Editorial, Lda. Idioma: Portugu\u00eas Dimens\u00f5es: 9 x 0.4 x 13 Encaderna\u00e7\u00e3o: capa mole P\u00e1ginas: 67<\/p>\n","protected":false},"featured_media":4317,"comment_status":"open","ping_status":"closed","template":"","meta":{"om_disable_all_campaigns":false,"_monsterinsights_skip_tracking":false,"_monsterinsights_sitenote_active":false,"_monsterinsights_sitenote_note":"","_monsterinsights_sitenote_category":0,"_uf_show_specific_survey":0,"_uf_disable_surveys":false},"product_cat":[33],"product_tag":[],"aioseo_notices":[],"jetpack_sharing_enabled":true,"_links":{"self":[{"href":"https:\/\/casadolivreiro.pt\/index.php\/wp-json\/wp\/v2\/product\/4316"}],"collection":[{"href":"https:\/\/casadolivreiro.pt\/index.php\/wp-json\/wp\/v2\/product"}],"about":[{"href":"https:\/\/casadolivreiro.pt\/index.php\/wp-json\/wp\/v2\/types\/product"}],"replies":[{"embeddable":true,"href":"https:\/\/casadolivreiro.pt\/index.php\/wp-json\/wp\/v2\/comments?post=4316"}],"wp:featuredmedia":[{"embeddable":true,"href":"https:\/\/casadolivreiro.pt\/index.php\/wp-json\/wp\/v2\/media\/4317"}],"wp:attachment":[{"href":"https:\/\/casadolivreiro.pt\/index.php\/wp-json\/wp\/v2\/media?parent=4316"}],"wp:term":[{"taxonomy":"product_cat","embeddable":true,"href":"https:\/\/casadolivreiro.pt\/index.php\/wp-json\/wp\/v2\/product_cat?post=4316"},{"taxonomy":"product_tag","embeddable":true,"href":"https:\/\/casadolivreiro.pt\/index.php\/wp-json\/wp\/v2\/product_tag?post=4316"}],"curies":[{"name":"wp","href":"https:\/\/api.w.org\/{rel}","templated":true}]}}