{"id":4312,"date":"2025-04-08T14:53:46","date_gmt":"2025-04-08T14:53:46","guid":{"rendered":"https:\/\/casadolivreiro.pt\/?post_type=product&#038;p=4312"},"modified":"2025-04-08T14:53:47","modified_gmt":"2025-04-08T14:53:47","slug":"reconciliacao-e-penitencia-na-missao-actual-da-igreja-exortacao-apostolica-pos-sinodal-do-papa-joao-paulo-ii","status":"publish","type":"product","link":"https:\/\/casadolivreiro.pt\/index.php\/product\/reconciliacao-e-penitencia-na-missao-actual-da-igreja-exortacao-apostolica-pos-sinodal-do-papa-joao-paulo-ii\/","title":{"rendered":"RECONCILIA\u00c7\u00c3O E PENIT\u00caNCIA NA MISS\u00c3O ACTUAL DA IGREJA \u2013 Exorta\u00e7\u00e3o Apost\u00f3lica p\u00f3s-Sinodal do Papa Jo\u00e3o Paulo II"},"content":{"rendered":"<p>RECONCILIA\u00c7\u00c3O E PENIT\u00caNCIA NA MISS\u00c3O ACTUAL DA IGREJA \u2013 Exorta\u00e7\u00e3o Apost\u00f3lica p\u00f3s-Sinodal do Papa Jo\u00e3o Paulo II<\/p>\n<p>Ano de edi\u00e7\u00e3o: 1985<\/p>\n<p>Editor: Secretariado Geral do Episcopado, Lisboa<\/p>\n<p>Idioma: Portugu\u00eas<\/p>\n<p>Dimens\u00f5es: 12.7 x 0.7 x 20.7<\/p>\n<p>Encaderna\u00e7\u00e3o: capa mole<\/p>\n<p>P\u00e1ginas: 103<\/p>\n","protected":false},"excerpt":{"rendered":"<p>RECONCILIA\u00c7\u00c3O E PENIT\u00caNCIA NA MISS\u00c3O ACTUAL DA IGREJA \u2013 Exorta\u00e7\u00e3o Apost\u00f3lica p\u00f3s-Sinodal do Papa Jo\u00e3o Paulo II Ano de edi\u00e7\u00e3o: 1985 Editor: Secretariado Geral do Episcopado, Lisboa Idioma: Portugu\u00eas Dimens\u00f5es: 12.7 x 0.7 x 20.7 Encaderna\u00e7\u00e3o: capa mole P\u00e1ginas: 103<\/p>\n","protected":false},"featured_media":4313,"comment_status":"open","ping_status":"closed","template":"","meta":{"om_disable_all_campaigns":false,"_monsterinsights_skip_tracking":false,"_monsterinsights_sitenote_active":false,"_monsterinsights_sitenote_note":"","_monsterinsights_sitenote_category":0,"_uf_show_specific_survey":0,"_uf_disable_surveys":false},"product_cat":[33],"product_tag":[],"aioseo_notices":[],"jetpack_sharing_enabled":true,"_links":{"self":[{"href":"https:\/\/casadolivreiro.pt\/index.php\/wp-json\/wp\/v2\/product\/4312"}],"collection":[{"href":"https:\/\/casadolivreiro.pt\/index.php\/wp-json\/wp\/v2\/product"}],"about":[{"href":"https:\/\/casadolivreiro.pt\/index.php\/wp-json\/wp\/v2\/types\/product"}],"replies":[{"embeddable":true,"href":"https:\/\/casadolivreiro.pt\/index.php\/wp-json\/wp\/v2\/comments?post=4312"}],"wp:featuredmedia":[{"embeddable":true,"href":"https:\/\/casadolivreiro.pt\/index.php\/wp-json\/wp\/v2\/media\/4313"}],"wp:attachment":[{"href":"https:\/\/casadolivreiro.pt\/index.php\/wp-json\/wp\/v2\/media?parent=4312"}],"wp:term":[{"taxonomy":"product_cat","embeddable":true,"href":"https:\/\/casadolivreiro.pt\/index.php\/wp-json\/wp\/v2\/product_cat?post=4312"},{"taxonomy":"product_tag","embeddable":true,"href":"https:\/\/casadolivreiro.pt\/index.php\/wp-json\/wp\/v2\/product_tag?post=4312"}],"curies":[{"name":"wp","href":"https:\/\/api.w.org\/{rel}","templated":true}]}}