{"id":4310,"date":"2025-04-08T14:47:18","date_gmt":"2025-04-08T14:47:18","guid":{"rendered":"https:\/\/casadolivreiro.pt\/?post_type=product&#038;p=4310"},"modified":"2025-04-08T14:47:18","modified_gmt":"2025-04-08T14:47:18","slug":"correio-aci-natal-accao-catolica-dos-meios-sociais-independetes","status":"publish","type":"product","link":"https:\/\/casadolivreiro.pt\/index.php\/product\/correio-aci-natal-accao-catolica-dos-meios-sociais-independetes\/","title":{"rendered":"CORREIO ACI: NATAL \u2013 Ac\u00e7\u00e3o Cat\u00f3lica dos Meios Sociais Independetes"},"content":{"rendered":"<p>CORREIO ACI: NATAL \u2013 Ac\u00e7\u00e3o Cat\u00f3lica dos Meios Sociais Independetes<\/p>\n<p>Ano de edi\u00e7\u00e3o: 1994<\/p>\n<p>Editor: Equipa Nacional<\/p>\n<p>Idioma: Portugu\u00eas<\/p>\n<p>Dimens\u00f5es: 14.8 x 0.1 x 21<\/p>\n<p>Encaderna\u00e7\u00e3o: capa mole<\/p>\n<p>P\u00e1ginas: 24<\/p>\n","protected":false},"excerpt":{"rendered":"<p>CORREIO ACI: NATAL \u2013 Ac\u00e7\u00e3o Cat\u00f3lica dos Meios Sociais Independetes Ano de edi\u00e7\u00e3o: 1994 Editor: Equipa Nacional Idioma: Portugu\u00eas Dimens\u00f5es: 14.8 x 0.1 x 21 Encaderna\u00e7\u00e3o: capa mole P\u00e1ginas: 24<\/p>\n","protected":false},"featured_media":4311,"comment_status":"open","ping_status":"closed","template":"","meta":{"om_disable_all_campaigns":false,"_monsterinsights_skip_tracking":false,"_monsterinsights_sitenote_active":false,"_monsterinsights_sitenote_note":"","_monsterinsights_sitenote_category":0,"_uf_show_specific_survey":0,"_uf_disable_surveys":false},"product_cat":[33,65],"product_tag":[],"aioseo_notices":[],"jetpack_sharing_enabled":true,"_links":{"self":[{"href":"https:\/\/casadolivreiro.pt\/index.php\/wp-json\/wp\/v2\/product\/4310"}],"collection":[{"href":"https:\/\/casadolivreiro.pt\/index.php\/wp-json\/wp\/v2\/product"}],"about":[{"href":"https:\/\/casadolivreiro.pt\/index.php\/wp-json\/wp\/v2\/types\/product"}],"replies":[{"embeddable":true,"href":"https:\/\/casadolivreiro.pt\/index.php\/wp-json\/wp\/v2\/comments?post=4310"}],"wp:featuredmedia":[{"embeddable":true,"href":"https:\/\/casadolivreiro.pt\/index.php\/wp-json\/wp\/v2\/media\/4311"}],"wp:attachment":[{"href":"https:\/\/casadolivreiro.pt\/index.php\/wp-json\/wp\/v2\/media?parent=4310"}],"wp:term":[{"taxonomy":"product_cat","embeddable":true,"href":"https:\/\/casadolivreiro.pt\/index.php\/wp-json\/wp\/v2\/product_cat?post=4310"},{"taxonomy":"product_tag","embeddable":true,"href":"https:\/\/casadolivreiro.pt\/index.php\/wp-json\/wp\/v2\/product_tag?post=4310"}],"curies":[{"name":"wp","href":"https:\/\/api.w.org\/{rel}","templated":true}]}}