{"id":430,"date":"2024-03-11T21:51:40","date_gmt":"2024-03-11T21:51:40","guid":{"rendered":"https:\/\/casadolivreiro.pt\/?post_type=product&#038;p=430"},"modified":"2024-03-11T21:51:40","modified_gmt":"2024-03-11T21:51:40","slug":"the-vertigo-years-change-and-culture-in-the-west-1900-1914-philipp-blom","status":"publish","type":"product","link":"https:\/\/casadolivreiro.pt\/index.php\/product\/the-vertigo-years-change-and-culture-in-the-west-1900-1914-philipp-blom\/","title":{"rendered":"THE VERTIGO YEARS: Change and Culture in the West, 1900 \u2013 1914  &#8211; Philipp Blom"},"content":{"rendered":"<p>THE VERTIGO YEARS: Change and Culture in the West, 1900 \u2013 1914<br \/>\nPhilipp Blom<br \/>\nISBN: 978\u2014297-85232-2<br \/>\nEditor: Weidenfeld &amp; Nicolson, London<br \/>\nData de Lan\u00e7amento: 2008<br \/>\nIdioma:\u00a0 Ingl\u00eas<br \/>\nDimens\u00f5es: 15 x 2.3 x 23.5 cm<br \/>\nEncaderna\u00e7\u00e3o: Capa dura<br \/>\nP\u00e1ginas: 234<\/p>\n","protected":false},"excerpt":{"rendered":"<p>THE VERTIGO YEARS: Change and Culture in the West, 1900 \u2013 1914 Philipp Blom ISBN: 978\u2014297-85232-2 Editor: Weidenfeld &amp; Nicolson, London Data de Lan\u00e7amento: 2008 Idioma:\u00a0 Ingl\u00eas Dimens\u00f5es: 15 x 2.3 x 23.5 cm Encaderna\u00e7\u00e3o: Capa dura P\u00e1ginas: 234<\/p>\n","protected":false},"featured_media":431,"comment_status":"open","ping_status":"closed","template":"","meta":{"om_disable_all_campaigns":false,"_monsterinsights_skip_tracking":false,"_monsterinsights_sitenote_active":false,"_monsterinsights_sitenote_note":"","_monsterinsights_sitenote_category":0,"_uf_show_specific_survey":0,"_uf_disable_surveys":false},"product_cat":[30,55],"product_tag":[],"aioseo_notices":[],"jetpack_sharing_enabled":true,"_links":{"self":[{"href":"https:\/\/casadolivreiro.pt\/index.php\/wp-json\/wp\/v2\/product\/430"}],"collection":[{"href":"https:\/\/casadolivreiro.pt\/index.php\/wp-json\/wp\/v2\/product"}],"about":[{"href":"https:\/\/casadolivreiro.pt\/index.php\/wp-json\/wp\/v2\/types\/product"}],"replies":[{"embeddable":true,"href":"https:\/\/casadolivreiro.pt\/index.php\/wp-json\/wp\/v2\/comments?post=430"}],"wp:featuredmedia":[{"embeddable":true,"href":"https:\/\/casadolivreiro.pt\/index.php\/wp-json\/wp\/v2\/media\/431"}],"wp:attachment":[{"href":"https:\/\/casadolivreiro.pt\/index.php\/wp-json\/wp\/v2\/media?parent=430"}],"wp:term":[{"taxonomy":"product_cat","embeddable":true,"href":"https:\/\/casadolivreiro.pt\/index.php\/wp-json\/wp\/v2\/product_cat?post=430"},{"taxonomy":"product_tag","embeddable":true,"href":"https:\/\/casadolivreiro.pt\/index.php\/wp-json\/wp\/v2\/product_tag?post=430"}],"curies":[{"name":"wp","href":"https:\/\/api.w.org\/{rel}","templated":true}]}}