{"id":4297,"date":"2025-04-08T14:02:49","date_gmt":"2025-04-08T14:02:49","guid":{"rendered":"https:\/\/casadolivreiro.pt\/?post_type=product&#038;p=4297"},"modified":"2025-04-08T14:02:49","modified_gmt":"2025-04-08T14:02:49","slug":"reflexao-crista-evangelizacao-boletim-do-centro-de-reflexao-crista-ano-1-n-o-4-outubro-novembro-1976","status":"publish","type":"product","link":"https:\/\/casadolivreiro.pt\/index.php\/product\/reflexao-crista-evangelizacao-boletim-do-centro-de-reflexao-crista-ano-1-n-o-4-outubro-novembro-1976\/","title":{"rendered":"REFLEX\u00c3O CRISTA: evangeliza\u00e7\u00e3o &#8211; Boletim do Centro de reflex\u00e3o Crist\u00e3 \u2013 Ano 1,  N.\u00ba 4, Outubro \u2013 Novembro 1976"},"content":{"rendered":"<p>REFLEX\u00c3O CRISTA: evangeliza\u00e7\u00e3o &#8211; Boletim do Centro de reflex\u00e3o Crist\u00e3 \u2013 Ano 1,\u00a0 N.\u00ba 4, Outubro \u2013 Novembro 1976<\/p>\n<p>Director: Fernando Gomes da Silva<\/p>\n<p>Ano de edi\u00e7\u00e3o: 1976<\/p>\n<p>Editor: Centro de reflex\u00e3o Crist\u00e3<\/p>\n<p>Idioma: Portugu\u00eas<\/p>\n<p>Dimens\u00f5es: 14.9 x 0.5 x 20.5<\/p>\n<p>Encaderna\u00e7\u00e3o: capa mole<\/p>\n<p>P\u00e1ginas: 54<\/p>\n","protected":false},"excerpt":{"rendered":"<p>REFLEX\u00c3O CRISTA: evangeliza\u00e7\u00e3o &#8211; Boletim do Centro de reflex\u00e3o Crist\u00e3 \u2013 Ano 1,\u00a0 N.\u00ba 4, Outubro \u2013 Novembro 1976 Director: Fernando Gomes da Silva Ano de edi\u00e7\u00e3o: 1976 Editor: Centro de reflex\u00e3o Crist\u00e3 Idioma: Portugu\u00eas Dimens\u00f5es: 14.9 x 0.5 x 20.5 Encaderna\u00e7\u00e3o: capa mole P\u00e1ginas: 54<\/p>\n","protected":false},"featured_media":4298,"comment_status":"open","ping_status":"closed","template":"","meta":{"om_disable_all_campaigns":false,"_monsterinsights_skip_tracking":false,"_monsterinsights_sitenote_active":false,"_monsterinsights_sitenote_note":"","_monsterinsights_sitenote_category":0,"_uf_show_specific_survey":0,"_uf_disable_surveys":false},"product_cat":[33,65],"product_tag":[],"aioseo_notices":[],"jetpack_sharing_enabled":true,"_links":{"self":[{"href":"https:\/\/casadolivreiro.pt\/index.php\/wp-json\/wp\/v2\/product\/4297"}],"collection":[{"href":"https:\/\/casadolivreiro.pt\/index.php\/wp-json\/wp\/v2\/product"}],"about":[{"href":"https:\/\/casadolivreiro.pt\/index.php\/wp-json\/wp\/v2\/types\/product"}],"replies":[{"embeddable":true,"href":"https:\/\/casadolivreiro.pt\/index.php\/wp-json\/wp\/v2\/comments?post=4297"}],"wp:featuredmedia":[{"embeddable":true,"href":"https:\/\/casadolivreiro.pt\/index.php\/wp-json\/wp\/v2\/media\/4298"}],"wp:attachment":[{"href":"https:\/\/casadolivreiro.pt\/index.php\/wp-json\/wp\/v2\/media?parent=4297"}],"wp:term":[{"taxonomy":"product_cat","embeddable":true,"href":"https:\/\/casadolivreiro.pt\/index.php\/wp-json\/wp\/v2\/product_cat?post=4297"},{"taxonomy":"product_tag","embeddable":true,"href":"https:\/\/casadolivreiro.pt\/index.php\/wp-json\/wp\/v2\/product_tag?post=4297"}],"curies":[{"name":"wp","href":"https:\/\/api.w.org\/{rel}","templated":true}]}}