{"id":4295,"date":"2025-04-08T13:54:49","date_gmt":"2025-04-08T13:54:49","guid":{"rendered":"https:\/\/casadolivreiro.pt\/?post_type=product&#038;p=4295"},"modified":"2025-04-08T13:54:50","modified_gmt":"2025-04-08T13:54:50","slug":"missionarios-combonianos-150-anos-de-historia-e-missao-pe-manuel-augusto-lopes-ferreira-mccj","status":"publish","type":"product","link":"https:\/\/casadolivreiro.pt\/index.php\/product\/missionarios-combonianos-150-anos-de-historia-e-missao-pe-manuel-augusto-lopes-ferreira-mccj\/","title":{"rendered":"MISSION\u00c1RIOS COMBONIANOS: 150 ANOS DE HIST\u00d3RIA E MISS\u00c3O \u2013 Pe. Manuel Augusto Lopes Ferreira, mccj"},"content":{"rendered":"<p>MISSION\u00c1RIOS COMBONIANOS: 150 ANOS DE HIST\u00d3RIA E MISS\u00c3O \u2013 Pe. Manuel Augusto Lopes Ferreira, mccj<\/p>\n<p>Ano de edi\u00e7\u00e3o: 2018, 1.\u00aa edi\u00e7\u00e3o<\/p>\n<p>Editor: Editorial Al\u00e9m-Mar<\/p>\n<p>Idioma: Portugu\u00eas<\/p>\n<p>Dimens\u00f5es: 12.9 x 1.9 x 19.9<\/p>\n<p>Encaderna\u00e7\u00e3o: capa mole<\/p>\n<p>P\u00e1ginas: 238<\/p>\n","protected":false},"excerpt":{"rendered":"<p>MISSION\u00c1RIOS COMBONIANOS: 150 ANOS DE HIST\u00d3RIA E MISS\u00c3O \u2013 Pe. Manuel Augusto Lopes Ferreira, mccj Ano de edi\u00e7\u00e3o: 2018, 1.\u00aa edi\u00e7\u00e3o Editor: Editorial Al\u00e9m-Mar Idioma: Portugu\u00eas Dimens\u00f5es: 12.9 x 1.9 x 19.9 Encaderna\u00e7\u00e3o: capa mole P\u00e1ginas: 238<\/p>\n","protected":false},"featured_media":4296,"comment_status":"open","ping_status":"closed","template":"","meta":{"om_disable_all_campaigns":false,"_monsterinsights_skip_tracking":false,"_monsterinsights_sitenote_active":false,"_monsterinsights_sitenote_note":"","_monsterinsights_sitenote_category":0,"_uf_show_specific_survey":0,"_uf_disable_surveys":false},"product_cat":[33],"product_tag":[],"aioseo_notices":[],"jetpack_sharing_enabled":true,"_links":{"self":[{"href":"https:\/\/casadolivreiro.pt\/index.php\/wp-json\/wp\/v2\/product\/4295"}],"collection":[{"href":"https:\/\/casadolivreiro.pt\/index.php\/wp-json\/wp\/v2\/product"}],"about":[{"href":"https:\/\/casadolivreiro.pt\/index.php\/wp-json\/wp\/v2\/types\/product"}],"replies":[{"embeddable":true,"href":"https:\/\/casadolivreiro.pt\/index.php\/wp-json\/wp\/v2\/comments?post=4295"}],"wp:featuredmedia":[{"embeddable":true,"href":"https:\/\/casadolivreiro.pt\/index.php\/wp-json\/wp\/v2\/media\/4296"}],"wp:attachment":[{"href":"https:\/\/casadolivreiro.pt\/index.php\/wp-json\/wp\/v2\/media?parent=4295"}],"wp:term":[{"taxonomy":"product_cat","embeddable":true,"href":"https:\/\/casadolivreiro.pt\/index.php\/wp-json\/wp\/v2\/product_cat?post=4295"},{"taxonomy":"product_tag","embeddable":true,"href":"https:\/\/casadolivreiro.pt\/index.php\/wp-json\/wp\/v2\/product_tag?post=4295"}],"curies":[{"name":"wp","href":"https:\/\/api.w.org\/{rel}","templated":true}]}}