{"id":4291,"date":"2025-04-08T13:40:40","date_gmt":"2025-04-08T13:40:40","guid":{"rendered":"https:\/\/casadolivreiro.pt\/?post_type=product&#038;p=4291"},"modified":"2025-04-08T13:40:41","modified_gmt":"2025-04-08T13:40:41","slug":"evangelho-aos-homens-de-hoje-evangelii-nuntiandi-paulo-vi","status":"publish","type":"product","link":"https:\/\/casadolivreiro.pt\/index.php\/product\/evangelho-aos-homens-de-hoje-evangelii-nuntiandi-paulo-vi\/","title":{"rendered":"EVANGELHO AOS HOMENS DE HOJE: EVANGELII NUNTIANDI \u2013 Paulo VI"},"content":{"rendered":"<p>EVANGELHO AOS HOMENS DE HOJE: EVANGELII NUNTIANDI \u2013 Paulo VI<\/p>\n<p>Exorta\u00e7\u00e3o apost\u00f3lica do Santo Padre Paulo VI ao Episcopado, ao clero e aos fi\u00e9is de toda a Igreja sobre a evangeliza\u00e7\u00e3o do mundo actual<\/p>\n<p>Ano de edi\u00e7\u00e3o: 1981<\/p>\n<p>Editor: Editorial A.O., Braga<\/p>\n<p>Idioma: Portugu\u00eas<\/p>\n<p>Dimens\u00f5es: 13 x 0.6 x 21<\/p>\n<p>Encaderna\u00e7\u00e3o: capa mole<\/p>\n<p>P\u00e1ginas: 94<\/p>\n","protected":false},"excerpt":{"rendered":"<p>EVANGELHO AOS HOMENS DE HOJE: EVANGELII NUNTIANDI \u2013 Paulo VI Exorta\u00e7\u00e3o apost\u00f3lica do Santo Padre Paulo VI ao Episcopado, ao clero e aos fi\u00e9is de toda a Igreja sobre a evangeliza\u00e7\u00e3o do mundo actual Ano de edi\u00e7\u00e3o: 1981 Editor: Editorial A.O., Braga Idioma: Portugu\u00eas Dimens\u00f5es: 13 x 0.6 x 21 Encaderna\u00e7\u00e3o: capa mole P\u00e1ginas: 94<\/p>\n","protected":false},"featured_media":4292,"comment_status":"open","ping_status":"closed","template":"","meta":{"om_disable_all_campaigns":false,"_monsterinsights_skip_tracking":false,"_monsterinsights_sitenote_active":false,"_monsterinsights_sitenote_note":"","_monsterinsights_sitenote_category":0,"_uf_show_specific_survey":0,"_uf_disable_surveys":false},"product_cat":[33],"product_tag":[],"aioseo_notices":[],"jetpack_sharing_enabled":true,"_links":{"self":[{"href":"https:\/\/casadolivreiro.pt\/index.php\/wp-json\/wp\/v2\/product\/4291"}],"collection":[{"href":"https:\/\/casadolivreiro.pt\/index.php\/wp-json\/wp\/v2\/product"}],"about":[{"href":"https:\/\/casadolivreiro.pt\/index.php\/wp-json\/wp\/v2\/types\/product"}],"replies":[{"embeddable":true,"href":"https:\/\/casadolivreiro.pt\/index.php\/wp-json\/wp\/v2\/comments?post=4291"}],"wp:featuredmedia":[{"embeddable":true,"href":"https:\/\/casadolivreiro.pt\/index.php\/wp-json\/wp\/v2\/media\/4292"}],"wp:attachment":[{"href":"https:\/\/casadolivreiro.pt\/index.php\/wp-json\/wp\/v2\/media?parent=4291"}],"wp:term":[{"taxonomy":"product_cat","embeddable":true,"href":"https:\/\/casadolivreiro.pt\/index.php\/wp-json\/wp\/v2\/product_cat?post=4291"},{"taxonomy":"product_tag","embeddable":true,"href":"https:\/\/casadolivreiro.pt\/index.php\/wp-json\/wp\/v2\/product_tag?post=4291"}],"curies":[{"name":"wp","href":"https:\/\/api.w.org\/{rel}","templated":true}]}}