{"id":4289,"date":"2025-04-08T13:28:38","date_gmt":"2025-04-08T13:28:38","guid":{"rendered":"https:\/\/casadolivreiro.pt\/?post_type=product&#038;p=4289"},"modified":"2026-01-11T16:38:05","modified_gmt":"2026-01-11T16:38:05","slug":"as-profecias-do-papa-joao-xxiii-a-historia-da-humanidade-de-1935-a-2033-pier-carpi","status":"publish","type":"product","link":"https:\/\/casadolivreiro.pt\/index.php\/product\/as-profecias-do-papa-joao-xxiii-a-historia-da-humanidade-de-1935-a-2033-pier-carpi\/","title":{"rendered":"AS PROFECIAS DO PAPA JO\u00c3O XXIII: A hist\u00f3ria da humanidade de 1935 a 2033 \u2013 Pier Carpi"},"content":{"rendered":"<p>AS PROFECIAS DO PAPA JO\u00c3O XXIII: A hist\u00f3ria da humanidade de 1935 a 2033 \u2013 Pier Carpi<\/p>\n<p>Tradu\u00e7\u00e3o de C\u00e2ndida Rem\u00e9dios<\/p>\n<p>Ano de edi\u00e7\u00e3o: 1977<\/p>\n<p>Editor: edi\u00e7\u00f5es Ant\u00f3nio Ramos, Lisboa<\/p>\n<p>Idioma: Portugu\u00eas<\/p>\n<p>Dimens\u00f5es: 13.7 x 1.2 x 21.3<\/p>\n<p>Encaderna\u00e7\u00e3o: capa mole<\/p>\n<p>P\u00e1ginas: 177<\/p>\n","protected":false},"excerpt":{"rendered":"<p>AS PROFECIAS DO PAPA JO\u00c3O XXIII: A hist\u00f3ria da humanidade de 1935 a 2033 \u2013 Pier Carpi Tradu\u00e7\u00e3o de C\u00e2ndida Rem\u00e9dios Ano de edi\u00e7\u00e3o: 1977 Editor: edi\u00e7\u00f5es Ant\u00f3nio Ramos, Lisboa Idioma: Portugu\u00eas Dimens\u00f5es: 13.7 x 1.2 x 21.3 Encaderna\u00e7\u00e3o: capa mole P\u00e1ginas: 177<\/p>\n","protected":false},"featured_media":4290,"comment_status":"open","ping_status":"closed","template":"","meta":{"om_disable_all_campaigns":false,"_monsterinsights_skip_tracking":false,"_monsterinsights_sitenote_active":false,"_monsterinsights_sitenote_note":"","_monsterinsights_sitenote_category":0,"_uf_show_specific_survey":0,"_uf_disable_surveys":false},"product_cat":[33,30],"product_tag":[],"aioseo_notices":[],"jetpack_sharing_enabled":true,"_links":{"self":[{"href":"https:\/\/casadolivreiro.pt\/index.php\/wp-json\/wp\/v2\/product\/4289"}],"collection":[{"href":"https:\/\/casadolivreiro.pt\/index.php\/wp-json\/wp\/v2\/product"}],"about":[{"href":"https:\/\/casadolivreiro.pt\/index.php\/wp-json\/wp\/v2\/types\/product"}],"replies":[{"embeddable":true,"href":"https:\/\/casadolivreiro.pt\/index.php\/wp-json\/wp\/v2\/comments?post=4289"}],"wp:featuredmedia":[{"embeddable":true,"href":"https:\/\/casadolivreiro.pt\/index.php\/wp-json\/wp\/v2\/media\/4290"}],"wp:attachment":[{"href":"https:\/\/casadolivreiro.pt\/index.php\/wp-json\/wp\/v2\/media?parent=4289"}],"wp:term":[{"taxonomy":"product_cat","embeddable":true,"href":"https:\/\/casadolivreiro.pt\/index.php\/wp-json\/wp\/v2\/product_cat?post=4289"},{"taxonomy":"product_tag","embeddable":true,"href":"https:\/\/casadolivreiro.pt\/index.php\/wp-json\/wp\/v2\/product_tag?post=4289"}],"curies":[{"name":"wp","href":"https:\/\/api.w.org\/{rel}","templated":true}]}}