{"id":4285,"date":"2025-04-08T12:55:06","date_gmt":"2025-04-08T12:55:06","guid":{"rendered":"https:\/\/casadolivreiro.pt\/?post_type=product&#038;p=4285"},"modified":"2025-04-08T12:55:07","modified_gmt":"2025-04-08T12:55:07","slug":"as-aparicoes-e-a-mensagem-de-fatima-nos-manuscritos-da-irma-lucia-antonio-augusto-borelli-machado","status":"publish","type":"product","link":"https:\/\/casadolivreiro.pt\/index.php\/product\/as-aparicoes-e-a-mensagem-de-fatima-nos-manuscritos-da-irma-lucia-antonio-augusto-borelli-machado\/","title":{"rendered":"AS APARI\u00c7\u00d5ES E A MENSAGEM DE F\u00c1TIMA NOS MANUSCRITOS DA IRM\u00c3 L\u00daCIA \u2013 Ant\u00f3nio Augusto Borelli Machado"},"content":{"rendered":"<p>AS APARI\u00c7\u00d5ES E A MENSAGEM DE F\u00c1TIMA NOS MANUSCRITOS DA IRM\u00c3 L\u00daCIA \u2013 Ant\u00f3nio Augusto Borelli Machado<\/p>\n<p>Ano de edi\u00e7\u00e3o: 1991<\/p>\n<p>Editor: Centro Cultural Reconquista, Lisboa<\/p>\n<p>Idioma: Portugu\u00eas<\/p>\n<p>Dimens\u00f5es: 13 x 0.5 x 20<\/p>\n<p>Encaderna\u00e7\u00e3o: capa mole<\/p>\n<p>P\u00e1ginas: 94<\/p>\n","protected":false},"excerpt":{"rendered":"<p>AS APARI\u00c7\u00d5ES E A MENSAGEM DE F\u00c1TIMA NOS MANUSCRITOS DA IRM\u00c3 L\u00daCIA \u2013 Ant\u00f3nio Augusto Borelli Machado Ano de edi\u00e7\u00e3o: 1991 Editor: Centro Cultural Reconquista, Lisboa Idioma: Portugu\u00eas Dimens\u00f5es: 13 x 0.5 x 20 Encaderna\u00e7\u00e3o: capa mole P\u00e1ginas: 94<\/p>\n","protected":false},"featured_media":4286,"comment_status":"open","ping_status":"closed","template":"","meta":{"om_disable_all_campaigns":false,"_monsterinsights_skip_tracking":false,"_monsterinsights_sitenote_active":false,"_monsterinsights_sitenote_note":"","_monsterinsights_sitenote_category":0,"_uf_show_specific_survey":0,"_uf_disable_surveys":false},"product_cat":[33],"product_tag":[],"aioseo_notices":[],"jetpack_sharing_enabled":true,"_links":{"self":[{"href":"https:\/\/casadolivreiro.pt\/index.php\/wp-json\/wp\/v2\/product\/4285"}],"collection":[{"href":"https:\/\/casadolivreiro.pt\/index.php\/wp-json\/wp\/v2\/product"}],"about":[{"href":"https:\/\/casadolivreiro.pt\/index.php\/wp-json\/wp\/v2\/types\/product"}],"replies":[{"embeddable":true,"href":"https:\/\/casadolivreiro.pt\/index.php\/wp-json\/wp\/v2\/comments?post=4285"}],"wp:featuredmedia":[{"embeddable":true,"href":"https:\/\/casadolivreiro.pt\/index.php\/wp-json\/wp\/v2\/media\/4286"}],"wp:attachment":[{"href":"https:\/\/casadolivreiro.pt\/index.php\/wp-json\/wp\/v2\/media?parent=4285"}],"wp:term":[{"taxonomy":"product_cat","embeddable":true,"href":"https:\/\/casadolivreiro.pt\/index.php\/wp-json\/wp\/v2\/product_cat?post=4285"},{"taxonomy":"product_tag","embeddable":true,"href":"https:\/\/casadolivreiro.pt\/index.php\/wp-json\/wp\/v2\/product_tag?post=4285"}],"curies":[{"name":"wp","href":"https:\/\/api.w.org\/{rel}","templated":true}]}}